{"id":49,"date":"2017-09-13T06:59:58","date_gmt":"2017-09-13T06:59:58","guid":{"rendered":"http:\/\/dummy.jmsthemes.com\/adiva\/?page_id=49"},"modified":"2021-09-15T18:35:48","modified_gmt":"2021-09-15T16:35:48","slug":"contact-us-1","status":"publish","type":"page","link":"https:\/\/tallerorfebreria.com\/index.php\/contact-us-1\/","title":{"rendered":"Contacto"},"content":{"rendered":"<p>[vc_row full_width=&#8221;stretch_row_content_no_spaces&#8221;][vc_column][\/vc_column][\/vc_row][vc_row full_width=&#8221;stretch_row_content_no_spaces&#8221;][vc_column][vc_empty_space height=&#8221;70&#8243;][\/vc_column][\/vc_row][vc_row][vc_column width=&#8221;1\/2&#8243; css=&#8221;.vc_custom_1513066179688{margin-bottom: 40px !important;}&#8221;][vc_text_separator title=&#8221;CONTACTA CON NOSOTROS&#8221; title_align=&#8221;separator_align_left&#8221; el_class=&#8221;fs_23&#8243;][vc_column_text]\n<div class=\"wpcf7 no-js\" id=\"wpcf7-f77-o1\" lang=\"en-US\" dir=\"ltr\">\n<div class=\"screen-reader-response\"><p role=\"status\" aria-live=\"polite\" aria-atomic=\"true\"><\/p> <ul><\/ul><\/div>\n<form action=\"\/index.php\/wp-json\/wp\/v2\/pages\/49#wpcf7-f77-o1\" method=\"post\" class=\"wpcf7-form init\" aria-label=\"Contact form\" novalidate=\"novalidate\" data-status=\"init\">\n<div style=\"display: none;\">\n<input type=\"hidden\" name=\"_wpcf7\" value=\"77\" \/>\n<input type=\"hidden\" name=\"_wpcf7_version\" value=\"5.7.7\" \/>\n<input type=\"hidden\" name=\"_wpcf7_locale\" value=\"en_US\" \/>\n<input type=\"hidden\" name=\"_wpcf7_unit_tag\" value=\"wpcf7-f77-o1\" \/>\n<input type=\"hidden\" name=\"_wpcf7_container_post\" value=\"0\" \/>\n<input type=\"hidden\" name=\"_wpcf7_posted_data_hash\" value=\"\" \/>\n<input type=\"hidden\" name=\"_wpcf7_recaptcha_response\" value=\"\" \/>\n<\/div>\n<div class=\"contact-form-default\">\n\t<div class=\"row\">\n\t\t<div class=\"col-sm-6\">\n\t\t\t<div class=\"form-group\">\n\t\t\t\t<p><label>Nombre<\/label><br \/>\n<span class=\"wpcf7-form-control-wrap\" data-name=\"nombre\"><input size=\"40\" class=\"wpcf7-form-control wpcf7-text wpcf7-validates-as-required\" aria-required=\"true\" aria-invalid=\"false\" value=\"\" type=\"text\" name=\"nombre\" \/><\/span>\n\t\t\t\t<\/p>\n\t\t\t<\/div>\n\t\t<\/div>\n\t\t<div class=\"col-sm-6\">\n\t\t\t<div class=\"form-group\">\n\t\t\t\t<p><label>Email<\/label><br \/>\n<span class=\"wpcf7-form-control-wrap\" data-name=\"email\"><input size=\"40\" class=\"wpcf7-form-control wpcf7-text wpcf7-email wpcf7-validates-as-required wpcf7-validates-as-email\" aria-required=\"true\" aria-invalid=\"false\" value=\"\" type=\"email\" name=\"email\" \/><\/span>\n\t\t\t\t<\/p>\n\t\t\t<\/div>\n\t\t<\/div>\n\t\t<div class=\"col-sm-6\">\n\t\t\t<div class=\"form-group\">\n\t\t\t\t<p><label>Tel\u00e9fono <\/label><br \/>\n<span class=\"wpcf7-form-control-wrap\" data-name=\"telefono\"><input size=\"40\" class=\"wpcf7-form-control wpcf7-text wpcf7-tel wpcf7-validates-as-tel\" aria-invalid=\"false\" value=\"\" type=\"tel\" name=\"telefono\" \/><\/span>\n\t\t\t\t<\/p>\n\t\t\t<\/div>\n\t\t<\/div>\n\t\t<div class=\"col-sm-6\">\n\t\t\t<div class=\"form-group\">\n\t\t\t\t<p><label>Tu empresa o hermandad<\/label><br \/>\n<span class=\"wpcf7-form-control-wrap\" data-name=\"empresa-hermandad\"><input size=\"40\" class=\"wpcf7-form-control wpcf7-text\" aria-invalid=\"false\" value=\"\" type=\"text\" name=\"empresa-hermandad\" \/><\/span>\n\t\t\t\t<\/p>\n\t\t\t<\/div>\n\t\t<\/div>\n\t\t<div class=\"col-sm-12\">\n\t\t\t<div class=\"form-group\">\n\t\t\t\t<p><label>Mensaje<\/label><br \/>\n<span class=\"wpcf7-form-control-wrap\" data-name=\"mensaje\"><textarea cols=\"40\" rows=\"10\" class=\"wpcf7-form-control wpcf7-textarea\" aria-invalid=\"false\" name=\"mensaje\"><\/textarea><\/span>\n\t\t\t\t<\/p>\n\t\t\t<\/div>\n\t\t<\/div>\n\t\t<div class=\"col-sm-12\">\n\t\t\t<div class=\"form-group\">\n\t\t\t\t<p><input class=\"wpcf7-form-control has-spinner wpcf7-submit\" type=\"submit\" value=\"Enviar\" \/>\n\t\t\t\t<\/p>\n\t\t\t<\/div>\n\t\t<\/div>\n\t<\/div>\n<\/div><div class=\"wpcf7-response-output\" aria-hidden=\"true\"><\/div>\n<\/form>\n<\/div>\n[\/vc_column_text][\/vc_column][vc_column width=&#8221;1\/2&#8243; css=&#8221;.vc_custom_1513066185902{margin-bottom: 60px !important;}&#8221;][vc_text_separator title=&#8221;INFORMACI\u00d3N DE CONTACTO&#8221; title_align=&#8221;separator_align_left&#8221; el_class=&#8221;fs_23&#8243;][vc_column_text]Puedes contactar con nosotros visit\u00e1ndonos en nuestra tiendas taller, llam\u00e1ndonos por tel\u00e9fono o escribi\u00e9ndonos un mail. Estaremos encantados de atenderte.[\/vc_column_text][vc_row_inner][vc_column_inner width=&#8221;1\/2&#8243;]\t\t<div class=\"service-box  vc_custom_1631723743816 service-align-top  vc_custom_1631723743816\">\n\t\t\t<div class=\"service-box-icon\">\n\t\t\t\t<i class=\"lnr lnr-cart\"><\/i>\n\t\t\t<\/div>\n\t\t\t<div class=\"service-box-content\">\n\t\t\t\t<h3 class=\"title\"><\/h3>\n\t\t\t\t\t\t\t\t<p>www.tallerorfebreria.com<\/p>\n\t\t\t<\/div>\n\t\t<\/div>\n\n\t\t<style>\n\t\t\t\t\t\t\t.service-box .service-box-icon {\n\t\t\t\t\tcolor: #890000;\n\t\t\t\t}\n\t\t\t\n\t\t\t\n\t\t\t\t\t<\/style>\n\n\t\t\t\t<div class=\"service-box service-align-top\">\n\t\t\t<div class=\"service-box-icon\">\n\t\t\t\t<i class=\"lnr lnr-envelope\"><\/i>\n\t\t\t<\/div>\n\t\t\t<div class=\"service-box-content\">\n\t\t\t\t<h3 class=\"title\"><\/h3>\n\t\t\t\t\t\t\t\t<p>info@tallerorfebreria.com<\/p>\n\t\t\t<\/div>\n\t\t<\/div>\n\n\t\t<style>\n\t\t\t\t\t\t\t.service-box .service-box-icon {\n\t\t\t\t\tcolor: #890000;\n\t\t\t\t}\n\t\t\t\n\t\t\t\n\t\t\t\t\t<\/style>\n\n\t\t[\/vc_column_inner][vc_column_inner width=&#8221;1\/2&#8243;]\t\t<div class=\"service-box  vc_custom_1631723723208 service-align-top  vc_custom_1631723723208\">\n\t\t\t<div class=\"service-box-icon\">\n\t\t\t\t<i class=\"lnr lnr-store\"><\/i>\n\t\t\t<\/div>\n\t\t\t<div class=\"service-box-content\">\n\t\t\t\t<h3 class=\"title\"><\/h3>\n\t\t\t\t\t\t\t\t<p>Calle Regina 13, 41003 Sevilla.<\/p>\n\t\t\t<\/div>\n\t\t<\/div>\n\n\t\t<style>\n\t\t\t\t\t\t\t.service-box .service-box-icon {\n\t\t\t\t\tcolor: #890000;\n\t\t\t\t}\n\t\t\t\n\t\t\t\n\t\t\t\t\t<\/style>\n\n\t\t\t\t<div class=\"service-box service-align-top\">\n\t\t\t<div class=\"service-box-icon\">\n\t\t\t\t<i class=\"lnr lnr-phone-handset\"><\/i>\n\t\t\t<\/div>\n\t\t\t<div class=\"service-box-content\">\n\t\t\t\t<h3 class=\"title\"><\/h3>\n\t\t\t\t\t\t\t\t<p>652 288 330<\/p>\n\t\t\t<\/div>\n\t\t<\/div>\n\n\t\t<style>\n\t\t\t\t\t\t\t.service-box .service-box-icon {\n\t\t\t\t\tcolor: #890000;\n\t\t\t\t}\n\t\t\t\n\t\t\t\n\t\t\t\t\t<\/style>\n\n\t\t[vc_empty_space height=&#8221;50px&#8221;][\/vc_column_inner][\/vc_row_inner]\n        <div class=\"adiva-button-wrapper text-center\">\n\t\t\t<a href=\"https:\/\/www.google.es\/maps?q=taller+orfebreria+sevicor&uact=5&um=1&ie=UTF-8&sa=X&ved=0ahUKEwihpNbUgP3jAhVKDWMBHSalCPMQ_AUIESgB\" title=\"\" target=\"_blank\" class=\"btn btn-color-primary btn-style-default btn-size-default\">Encu\u00e9ntranos en Google<\/a>\n\t\t<\/div>\n\n\t\t[\/vc_column][\/vc_row]<\/p>\n","protected":false},"excerpt":{"rendered":"<p>[vc_row full_width=&#8221;stretch_row_content_no_spaces&#8221;][vc_column][\/vc_column][\/vc_row][vc_row full_width=&#8221;stretch_row_content_no_spaces&#8221;][vc_column][vc_empty_space height=&#8221;70&#8243;][\/vc_column][\/vc_row][vc_row][vc_column width=&#8221;1\/2&#8243; css=&#8221;.vc_custom_1513066179688{margin-bottom: 40px !important;}&#8221;][vc_text_separator title=&#8221;CONTACTA CON NOSOTROS&#8221; title_align=&#8221;separator_align_left&#8221; el_class=&#8221;fs_23&#8243;][vc_column_text][\/vc_column_text][\/vc_column][vc_column width=&#8221;1\/2&#8243; css=&#8221;.vc_custom_1513066185902{margin-bottom: 60px !important;}&#8221;][vc_text_separator title=&#8221;INFORMACI\u00d3N DE CONTACTO&#8221; title_align=&#8221;separator_align_left&#8221; el_class=&#8221;fs_23&#8243;][vc_column_text]Puedes contactar con nosotros visit\u00e1ndonos en nuestra tiendas taller, llam\u00e1ndonos por tel\u00e9fono o escribi\u00e9ndonos un mail. Estaremos encantados de atenderte.[\/vc_column_text][vc_row_inner][vc_column_inner width=&#8221;1\/2&#8243;][\/vc_column_inner][vc_column_inner width=&#8221;1\/2&#8243;][vc_empty_space height=&#8221;50px&#8221;][\/vc_column_inner][\/vc_row_inner][\/vc_column][\/vc_row]<\/p>\n","protected":false},"author":1,"featured_media":0,"parent":0,"menu_order":0,"comment_status":"closed","ping_status":"closed","template":"","meta":{"footnotes":""},"yoast_head":"<!-- This site is optimized with the Yoast SEO plugin v20.11 - https:\/\/yoast.com\/wordpress\/plugins\/seo\/ -->\n<title>Contacto - Sevicor<\/title>\n<meta name=\"robots\" content=\"index, follow, max-snippet:-1, max-image-preview:large, max-video-preview:-1\" \/>\n<link rel=\"canonical\" href=\"https:\/\/tallerorfebreria.com\/index.php\/contact-us-1\/\" \/>\n<meta property=\"og:locale\" content=\"es_ES\" \/>\n<meta property=\"og:type\" content=\"article\" \/>\n<meta property=\"og:title\" content=\"Contacto - Sevicor\" \/>\n<meta property=\"og:description\" content=\"[vc_row full_width=&#8221;stretch_row_content_no_spaces&#8221;][vc_column][\/vc_column][\/vc_row][vc_row full_width=&#8221;stretch_row_content_no_spaces&#8221;][vc_column][vc_empty_space height=&#8221;70&#8243;][\/vc_column][\/vc_row][vc_row][vc_column width=&#8221;1\/2&#8243; css=&#8221;.vc_custom_1513066179688{margin-bottom: 40px !important;}&#8221;][vc_text_separator title=&#8221;CONTACTA CON NOSOTROS&#8221; title_align=&#8221;separator_align_left&#8221; el_class=&#8221;fs_23&#8243;][vc_column_text][\/vc_column_text][\/vc_column][vc_column width=&#8221;1\/2&#8243; css=&#8221;.vc_custom_1513066185902{margin-bottom: 60px !important;}&#8221;][vc_text_separator title=&#8221;INFORMACI\u00d3N DE CONTACTO&#8221; title_align=&#8221;separator_align_left&#8221; el_class=&#8221;fs_23&#8243;][vc_column_text]Puedes contactar con nosotros visit\u00e1ndonos en nuestra tiendas taller, llam\u00e1ndonos por tel\u00e9fono o escribi\u00e9ndonos un mail. Estaremos encantados de atenderte.[\/vc_column_text][vc_row_inner][vc_column_inner width=&#8221;1\/2&#8243;][\/vc_column_inner][vc_column_inner width=&#8221;1\/2&#8243;][vc_empty_space height=&#8221;50px&#8221;][\/vc_column_inner][\/vc_row_inner][\/vc_column][\/vc_row]\" \/>\n<meta property=\"og:url\" content=\"https:\/\/tallerorfebreria.com\/index.php\/contact-us-1\/\" \/>\n<meta property=\"og:site_name\" content=\"Sevicor\" \/>\n<meta property=\"article:modified_time\" content=\"2021-09-15T16:35:48+00:00\" \/>\n<meta name=\"twitter:card\" content=\"summary_large_image\" \/>\n<meta name=\"twitter:label1\" content=\"Tiempo de lectura\" \/>\n\t<meta name=\"twitter:data1\" content=\"1 minuto\" \/>\n<script type=\"application\/ld+json\" class=\"yoast-schema-graph\">{\"@context\":\"https:\/\/schema.org\",\"@graph\":[{\"@type\":\"WebPage\",\"@id\":\"https:\/\/tallerorfebreria.com\/index.php\/contact-us-1\/\",\"url\":\"https:\/\/tallerorfebreria.com\/index.php\/contact-us-1\/\",\"name\":\"Contacto - Sevicor\",\"isPartOf\":{\"@id\":\"https:\/\/tallerorfebreria.com\/#website\"},\"datePublished\":\"2017-09-13T06:59:58+00:00\",\"dateModified\":\"2021-09-15T16:35:48+00:00\",\"breadcrumb\":{\"@id\":\"https:\/\/tallerorfebreria.com\/index.php\/contact-us-1\/#breadcrumb\"},\"inLanguage\":\"es\",\"potentialAction\":[{\"@type\":\"ReadAction\",\"target\":[\"https:\/\/tallerorfebreria.com\/index.php\/contact-us-1\/\"]}]},{\"@type\":\"BreadcrumbList\",\"@id\":\"https:\/\/tallerorfebreria.com\/index.php\/contact-us-1\/#breadcrumb\",\"itemListElement\":[{\"@type\":\"ListItem\",\"position\":1,\"name\":\"Home\",\"item\":\"https:\/\/tallerorfebreria.com\/\"},{\"@type\":\"ListItem\",\"position\":2,\"name\":\"Contacto\"}]},{\"@type\":\"WebSite\",\"@id\":\"https:\/\/tallerorfebreria.com\/#website\",\"url\":\"https:\/\/tallerorfebreria.com\/\",\"name\":\"Sevicor\",\"description\":\"Taller de Orfebrer\u00eda\",\"potentialAction\":[{\"@type\":\"SearchAction\",\"target\":{\"@type\":\"EntryPoint\",\"urlTemplate\":\"https:\/\/tallerorfebreria.com\/?s={search_term_string}\"},\"query-input\":\"required name=search_term_string\"}],\"inLanguage\":\"es\"}]}<\/script>\n<!-- \/ Yoast SEO plugin. -->","yoast_head_json":{"title":"Contacto - Sevicor","robots":{"index":"index","follow":"follow","max-snippet":"max-snippet:-1","max-image-preview":"max-image-preview:large","max-video-preview":"max-video-preview:-1"},"canonical":"https:\/\/tallerorfebreria.com\/index.php\/contact-us-1\/","og_locale":"es_ES","og_type":"article","og_title":"Contacto - Sevicor","og_description":"[vc_row full_width=&#8221;stretch_row_content_no_spaces&#8221;][vc_column][\/vc_column][\/vc_row][vc_row full_width=&#8221;stretch_row_content_no_spaces&#8221;][vc_column][vc_empty_space height=&#8221;70&#8243;][\/vc_column][\/vc_row][vc_row][vc_column width=&#8221;1\/2&#8243; css=&#8221;.vc_custom_1513066179688{margin-bottom: 40px !important;}&#8221;][vc_text_separator title=&#8221;CONTACTA CON NOSOTROS&#8221; title_align=&#8221;separator_align_left&#8221; el_class=&#8221;fs_23&#8243;][vc_column_text][\/vc_column_text][\/vc_column][vc_column width=&#8221;1\/2&#8243; css=&#8221;.vc_custom_1513066185902{margin-bottom: 60px !important;}&#8221;][vc_text_separator title=&#8221;INFORMACI\u00d3N DE CONTACTO&#8221; title_align=&#8221;separator_align_left&#8221; el_class=&#8221;fs_23&#8243;][vc_column_text]Puedes contactar con nosotros visit\u00e1ndonos en nuestra tiendas taller, llam\u00e1ndonos por tel\u00e9fono o escribi\u00e9ndonos un mail. Estaremos encantados de atenderte.[\/vc_column_text][vc_row_inner][vc_column_inner width=&#8221;1\/2&#8243;][\/vc_column_inner][vc_column_inner width=&#8221;1\/2&#8243;][vc_empty_space height=&#8221;50px&#8221;][\/vc_column_inner][\/vc_row_inner][\/vc_column][\/vc_row]","og_url":"https:\/\/tallerorfebreria.com\/index.php\/contact-us-1\/","og_site_name":"Sevicor","article_modified_time":"2021-09-15T16:35:48+00:00","twitter_card":"summary_large_image","twitter_misc":{"Tiempo de lectura":"1 minuto"},"schema":{"@context":"https:\/\/schema.org","@graph":[{"@type":"WebPage","@id":"https:\/\/tallerorfebreria.com\/index.php\/contact-us-1\/","url":"https:\/\/tallerorfebreria.com\/index.php\/contact-us-1\/","name":"Contacto - Sevicor","isPartOf":{"@id":"https:\/\/tallerorfebreria.com\/#website"},"datePublished":"2017-09-13T06:59:58+00:00","dateModified":"2021-09-15T16:35:48+00:00","breadcrumb":{"@id":"https:\/\/tallerorfebreria.com\/index.php\/contact-us-1\/#breadcrumb"},"inLanguage":"es","potentialAction":[{"@type":"ReadAction","target":["https:\/\/tallerorfebreria.com\/index.php\/contact-us-1\/"]}]},{"@type":"BreadcrumbList","@id":"https:\/\/tallerorfebreria.com\/index.php\/contact-us-1\/#breadcrumb","itemListElement":[{"@type":"ListItem","position":1,"name":"Home","item":"https:\/\/tallerorfebreria.com\/"},{"@type":"ListItem","position":2,"name":"Contacto"}]},{"@type":"WebSite","@id":"https:\/\/tallerorfebreria.com\/#website","url":"https:\/\/tallerorfebreria.com\/","name":"Sevicor","description":"Taller de Orfebrer\u00eda","potentialAction":[{"@type":"SearchAction","target":{"@type":"EntryPoint","urlTemplate":"https:\/\/tallerorfebreria.com\/?s={search_term_string}"},"query-input":"required name=search_term_string"}],"inLanguage":"es"}]}},"amp_enabled":true,"_links":{"self":[{"href":"https:\/\/tallerorfebreria.com\/index.php\/wp-json\/wp\/v2\/pages\/49"}],"collection":[{"href":"https:\/\/tallerorfebreria.com\/index.php\/wp-json\/wp\/v2\/pages"}],"about":[{"href":"https:\/\/tallerorfebreria.com\/index.php\/wp-json\/wp\/v2\/types\/page"}],"author":[{"embeddable":true,"href":"https:\/\/tallerorfebreria.com\/index.php\/wp-json\/wp\/v2\/users\/1"}],"replies":[{"embeddable":true,"href":"https:\/\/tallerorfebreria.com\/index.php\/wp-json\/wp\/v2\/comments?post=49"}],"version-history":[{"count":13,"href":"https:\/\/tallerorfebreria.com\/index.php\/wp-json\/wp\/v2\/pages\/49\/revisions"}],"predecessor-version":[{"id":3612,"href":"https:\/\/tallerorfebreria.com\/index.php\/wp-json\/wp\/v2\/pages\/49\/revisions\/3612"}],"wp:attachment":[{"href":"https:\/\/tallerorfebreria.com\/index.php\/wp-json\/wp\/v2\/media?parent=49"}],"curies":[{"name":"wp","href":"https:\/\/api.w.org\/{rel}","templated":true}]}}