{"id":3447,"date":"2019-08-08T16:48:46","date_gmt":"2019-08-08T14:48:46","guid":{"rendered":"http:\/\/tallerorfebreria.com\/?post_type=product&#038;p=3447"},"modified":"2021-08-05T17:06:47","modified_gmt":"2021-08-05T15:06:47","slug":"alfiler-ancla-esperanza-de-triana","status":"publish","type":"product","link":"https:\/\/tallerorfebreria.com\/index.php\/product\/alfiler-ancla-esperanza-de-triana\/","title":{"rendered":"Alfiler Ancla Esperanza de Triana con circonitas"},"content":{"rendered":"","protected":false},"excerpt":{"rendered":"<div id=\"short_description_block\">\n<div id=\"short_description_content\" class=\"rte align_justify\">\n<p style=\"text-align: justify;\">Broche r\u00e9plica del famoso broche de ancla de la Esperanza de Triana. Est\u00e1 realizado en plata de ley, circonitas de primera calidad y \u00a0cristales de swarovski verdes, y perlas.<\/p>\n<p style=\"text-align: justify;\">El tama\u00f1o del ancla \u00a0es 3cm de ancho y 3.5cm de alto.<\/p>\n<p style=\"text-align: justify;\">Tambi\u00e9n est\u00e1 disponilble en colgante, siendo el mismo tama\u00f1o.<\/p>\n<p style=\"text-align: justify;\">El color de las piedras, puede ser sustituido por cualquier otro, seg\u00fan el gusto del cliente.<\/p>\n<\/div>\n<\/div>\n","protected":false},"featured_media":3448,"comment_status":"open","ping_status":"closed","template":"","meta":[],"product_cat":[68],"product_tag":[],"yoast_head":"<!-- This site is optimized with the Yoast SEO plugin v20.11 - https:\/\/yoast.com\/wordpress\/plugins\/seo\/ -->\n<title>Alfiler Ancla Esperanza de Triana con circonitas - Sevicor<\/title>\n<meta name=\"robots\" content=\"index, follow, max-snippet:-1, max-image-preview:large, max-video-preview:-1\" \/>\n<link rel=\"canonical\" href=\"https:\/\/tallerorfebreria.com\/index.php\/product\/alfiler-ancla-esperanza-de-triana\/\" \/>\n<meta property=\"og:locale\" content=\"es_ES\" \/>\n<meta property=\"og:type\" content=\"article\" \/>\n<meta property=\"og:title\" content=\"Alfiler Ancla Esperanza de Triana con circonitas - Sevicor\" \/>\n<meta property=\"og:description\" content=\"Broche r\u00e9plica del famoso broche de ancla de la Esperanza de Triana. Est\u00e1 realizado en plata de ley, circonitas de primera calidad y \u00a0cristales de swarovski verdes, y perlas. El tama\u00f1o del ancla \u00a0es 3cm de ancho y 3.5cm de alto. Tambi\u00e9n est\u00e1 disponilble en colgante, siendo el mismo tama\u00f1o. El color de las piedras, puede ser sustituido por cualquier otro, seg\u00fan el gusto del cliente.\" \/>\n<meta property=\"og:url\" content=\"https:\/\/tallerorfebreria.com\/index.php\/product\/alfiler-ancla-esperanza-de-triana\/\" \/>\n<meta property=\"og:site_name\" content=\"Sevicor\" \/>\n<meta property=\"article:modified_time\" content=\"2021-08-05T15:06:47+00:00\" \/>\n<meta property=\"og:image\" content=\"https:\/\/tallerorfebreria.com\/wp-content\/uploads\/2019\/08\/alfiler-ancla-triana.jpg\" \/>\n\t<meta property=\"og:image:width\" content=\"800\" \/>\n\t<meta property=\"og:image:height\" content=\"800\" \/>\n\t<meta property=\"og:image:type\" content=\"image\/jpeg\" \/>\n<meta name=\"twitter:card\" content=\"summary_large_image\" \/>\n<script type=\"application\/ld+json\" class=\"yoast-schema-graph\">{\"@context\":\"https:\/\/schema.org\",\"@graph\":[{\"@type\":\"WebPage\",\"@id\":\"https:\/\/tallerorfebreria.com\/index.php\/product\/alfiler-ancla-esperanza-de-triana\/\",\"url\":\"https:\/\/tallerorfebreria.com\/index.php\/product\/alfiler-ancla-esperanza-de-triana\/\",\"name\":\"Alfiler Ancla Esperanza de Triana con circonitas - Sevicor\",\"isPartOf\":{\"@id\":\"https:\/\/tallerorfebreria.com\/#website\"},\"datePublished\":\"2019-08-08T14:48:46+00:00\",\"dateModified\":\"2021-08-05T15:06:47+00:00\",\"breadcrumb\":{\"@id\":\"https:\/\/tallerorfebreria.com\/index.php\/product\/alfiler-ancla-esperanza-de-triana\/#breadcrumb\"},\"inLanguage\":\"es\",\"potentialAction\":[{\"@type\":\"ReadAction\",\"target\":[\"https:\/\/tallerorfebreria.com\/index.php\/product\/alfiler-ancla-esperanza-de-triana\/\"]}]},{\"@type\":\"BreadcrumbList\",\"@id\":\"https:\/\/tallerorfebreria.com\/index.php\/product\/alfiler-ancla-esperanza-de-triana\/#breadcrumb\",\"itemListElement\":[{\"@type\":\"ListItem\",\"position\":1,\"name\":\"Home\",\"item\":\"https:\/\/tallerorfebreria.com\/\"},{\"@type\":\"ListItem\",\"position\":2,\"name\":\"Tienda\",\"item\":\"https:\/\/tallerorfebreria.com\/index.php\/tienda\/\"},{\"@type\":\"ListItem\",\"position\":3,\"name\":\"Alfiler Ancla Esperanza de Triana con circonitas\"}]},{\"@type\":\"WebSite\",\"@id\":\"https:\/\/tallerorfebreria.com\/#website\",\"url\":\"https:\/\/tallerorfebreria.com\/\",\"name\":\"Sevicor\",\"description\":\"Taller de Orfebrer\u00eda\",\"potentialAction\":[{\"@type\":\"SearchAction\",\"target\":{\"@type\":\"EntryPoint\",\"urlTemplate\":\"https:\/\/tallerorfebreria.com\/?s={search_term_string}\"},\"query-input\":\"required name=search_term_string\"}],\"inLanguage\":\"es\"}]}<\/script>\n<!-- \/ Yoast SEO plugin. -->","yoast_head_json":{"title":"Alfiler Ancla Esperanza de Triana con circonitas - Sevicor","robots":{"index":"index","follow":"follow","max-snippet":"max-snippet:-1","max-image-preview":"max-image-preview:large","max-video-preview":"max-video-preview:-1"},"canonical":"https:\/\/tallerorfebreria.com\/index.php\/product\/alfiler-ancla-esperanza-de-triana\/","og_locale":"es_ES","og_type":"article","og_title":"Alfiler Ancla Esperanza de Triana con circonitas - Sevicor","og_description":"Broche r\u00e9plica del famoso broche de ancla de la Esperanza de Triana. Est\u00e1 realizado en plata de ley, circonitas de primera calidad y \u00a0cristales de swarovski verdes, y perlas. El tama\u00f1o del ancla \u00a0es 3cm de ancho y 3.5cm de alto. Tambi\u00e9n est\u00e1 disponilble en colgante, siendo el mismo tama\u00f1o. El color de las piedras, puede ser sustituido por cualquier otro, seg\u00fan el gusto del cliente.","og_url":"https:\/\/tallerorfebreria.com\/index.php\/product\/alfiler-ancla-esperanza-de-triana\/","og_site_name":"Sevicor","article_modified_time":"2021-08-05T15:06:47+00:00","og_image":[{"width":800,"height":800,"url":"https:\/\/tallerorfebreria.com\/wp-content\/uploads\/2019\/08\/alfiler-ancla-triana.jpg","type":"image\/jpeg"}],"twitter_card":"summary_large_image","schema":{"@context":"https:\/\/schema.org","@graph":[{"@type":"WebPage","@id":"https:\/\/tallerorfebreria.com\/index.php\/product\/alfiler-ancla-esperanza-de-triana\/","url":"https:\/\/tallerorfebreria.com\/index.php\/product\/alfiler-ancla-esperanza-de-triana\/","name":"Alfiler Ancla Esperanza de Triana con circonitas - Sevicor","isPartOf":{"@id":"https:\/\/tallerorfebreria.com\/#website"},"datePublished":"2019-08-08T14:48:46+00:00","dateModified":"2021-08-05T15:06:47+00:00","breadcrumb":{"@id":"https:\/\/tallerorfebreria.com\/index.php\/product\/alfiler-ancla-esperanza-de-triana\/#breadcrumb"},"inLanguage":"es","potentialAction":[{"@type":"ReadAction","target":["https:\/\/tallerorfebreria.com\/index.php\/product\/alfiler-ancla-esperanza-de-triana\/"]}]},{"@type":"BreadcrumbList","@id":"https:\/\/tallerorfebreria.com\/index.php\/product\/alfiler-ancla-esperanza-de-triana\/#breadcrumb","itemListElement":[{"@type":"ListItem","position":1,"name":"Home","item":"https:\/\/tallerorfebreria.com\/"},{"@type":"ListItem","position":2,"name":"Tienda","item":"https:\/\/tallerorfebreria.com\/index.php\/tienda\/"},{"@type":"ListItem","position":3,"name":"Alfiler Ancla Esperanza de Triana con circonitas"}]},{"@type":"WebSite","@id":"https:\/\/tallerorfebreria.com\/#website","url":"https:\/\/tallerorfebreria.com\/","name":"Sevicor","description":"Taller de Orfebrer\u00eda","potentialAction":[{"@type":"SearchAction","target":{"@type":"EntryPoint","urlTemplate":"https:\/\/tallerorfebreria.com\/?s={search_term_string}"},"query-input":"required name=search_term_string"}],"inLanguage":"es"}]}},"amp_enabled":true,"_links":{"self":[{"href":"https:\/\/tallerorfebreria.com\/index.php\/wp-json\/wp\/v2\/product\/3447"}],"collection":[{"href":"https:\/\/tallerorfebreria.com\/index.php\/wp-json\/wp\/v2\/product"}],"about":[{"href":"https:\/\/tallerorfebreria.com\/index.php\/wp-json\/wp\/v2\/types\/product"}],"replies":[{"embeddable":true,"href":"https:\/\/tallerorfebreria.com\/index.php\/wp-json\/wp\/v2\/comments?post=3447"}],"wp:featuredmedia":[{"embeddable":true,"href":"https:\/\/tallerorfebreria.com\/index.php\/wp-json\/wp\/v2\/media\/3448"}],"wp:attachment":[{"href":"https:\/\/tallerorfebreria.com\/index.php\/wp-json\/wp\/v2\/media?parent=3447"}],"wp:term":[{"taxonomy":"product_cat","embeddable":true,"href":"https:\/\/tallerorfebreria.com\/index.php\/wp-json\/wp\/v2\/product_cat?post=3447"},{"taxonomy":"product_tag","embeddable":true,"href":"https:\/\/tallerorfebreria.com\/index.php\/wp-json\/wp\/v2\/product_tag?post=3447"}],"curies":[{"name":"wp","href":"https:\/\/api.w.org\/{rel}","templated":true}]}}