{"id":3452,"date":"2019-08-08T16:52:44","date_gmt":"2019-08-08T14:52:44","guid":{"rendered":"http:\/\/tallerorfebreria.com\/?post_type=product&#038;p=3452"},"modified":"2025-07-16T12:16:18","modified_gmt":"2025-07-16T10:16:18","slug":"broche-ancla-esperanza-8cm","status":"publish","type":"product","link":"https:\/\/tallerorfebreria.com\/index.php\/product\/broche-ancla-esperanza-8cm\/","title":{"rendered":"Broche Ancla Esperanza de Triana 8cm"},"content":{"rendered":"","protected":false},"excerpt":{"rendered":"<div id=\"short_description_block\">\n<div id=\"short_description_content\" class=\"rte align_justify\">\n<p>Broche del ancla de Triana realizado de forma artesanal en plata de ley.<\/p>\n<p>El tama\u00f1o es 8cm.<\/p>\n<p>Tambi\u00e9n tenemos el broche del ancla de Triana en plata con ba\u00f1o de oro.<\/p>\n<\/div>\n<\/div>\n","protected":false},"featured_media":3453,"comment_status":"open","ping_status":"closed","template":"","meta":[],"product_cat":[72,68],"product_tag":[],"yoast_head":"<!-- This site is optimized with the Yoast SEO plugin v20.11 - https:\/\/yoast.com\/wordpress\/plugins\/seo\/ -->\n<title>Broche Ancla Esperanza de Triana 8cm - Sevicor<\/title>\n<meta name=\"robots\" content=\"index, follow, max-snippet:-1, max-image-preview:large, max-video-preview:-1\" \/>\n<link rel=\"canonical\" href=\"https:\/\/tallerorfebreria.com\/index.php\/product\/broche-ancla-esperanza-8cm\/\" \/>\n<meta property=\"og:locale\" content=\"es_ES\" \/>\n<meta property=\"og:type\" content=\"article\" \/>\n<meta property=\"og:title\" content=\"Broche Ancla Esperanza de Triana 8cm - Sevicor\" \/>\n<meta property=\"og:description\" content=\"Broche del ancla de Triana realizado de forma artesanal en plata de ley.  El tama\u00f1o es 8cm.  Tambi\u00e9n tenemos el broche del ancla de Triana en plata con ba\u00f1o de oro.\" \/>\n<meta property=\"og:url\" content=\"https:\/\/tallerorfebreria.com\/index.php\/product\/broche-ancla-esperanza-8cm\/\" \/>\n<meta property=\"og:site_name\" content=\"Sevicor\" \/>\n<meta property=\"article:modified_time\" content=\"2025-07-16T10:16:18+00:00\" \/>\n<meta property=\"og:image\" content=\"https:\/\/tallerorfebreria.com\/wp-content\/uploads\/2019\/08\/broche-ancla-triana-8cm.jpg\" \/>\n\t<meta property=\"og:image:width\" content=\"800\" \/>\n\t<meta property=\"og:image:height\" content=\"800\" \/>\n\t<meta property=\"og:image:type\" content=\"image\/jpeg\" \/>\n<meta name=\"twitter:card\" content=\"summary_large_image\" \/>\n<script type=\"application\/ld+json\" class=\"yoast-schema-graph\">{\"@context\":\"https:\/\/schema.org\",\"@graph\":[{\"@type\":\"WebPage\",\"@id\":\"https:\/\/tallerorfebreria.com\/index.php\/product\/broche-ancla-esperanza-8cm\/\",\"url\":\"https:\/\/tallerorfebreria.com\/index.php\/product\/broche-ancla-esperanza-8cm\/\",\"name\":\"Broche Ancla Esperanza de Triana 8cm - Sevicor\",\"isPartOf\":{\"@id\":\"https:\/\/tallerorfebreria.com\/#website\"},\"datePublished\":\"2019-08-08T14:52:44+00:00\",\"dateModified\":\"2025-07-16T10:16:18+00:00\",\"breadcrumb\":{\"@id\":\"https:\/\/tallerorfebreria.com\/index.php\/product\/broche-ancla-esperanza-8cm\/#breadcrumb\"},\"inLanguage\":\"es\",\"potentialAction\":[{\"@type\":\"ReadAction\",\"target\":[\"https:\/\/tallerorfebreria.com\/index.php\/product\/broche-ancla-esperanza-8cm\/\"]}]},{\"@type\":\"BreadcrumbList\",\"@id\":\"https:\/\/tallerorfebreria.com\/index.php\/product\/broche-ancla-esperanza-8cm\/#breadcrumb\",\"itemListElement\":[{\"@type\":\"ListItem\",\"position\":1,\"name\":\"Home\",\"item\":\"https:\/\/tallerorfebreria.com\/\"},{\"@type\":\"ListItem\",\"position\":2,\"name\":\"Tienda\",\"item\":\"https:\/\/tallerorfebreria.com\/index.php\/tienda\/\"},{\"@type\":\"ListItem\",\"position\":3,\"name\":\"Broche Ancla Esperanza de Triana 8cm\"}]},{\"@type\":\"WebSite\",\"@id\":\"https:\/\/tallerorfebreria.com\/#website\",\"url\":\"https:\/\/tallerorfebreria.com\/\",\"name\":\"Sevicor\",\"description\":\"Taller de Orfebrer\u00eda\",\"potentialAction\":[{\"@type\":\"SearchAction\",\"target\":{\"@type\":\"EntryPoint\",\"urlTemplate\":\"https:\/\/tallerorfebreria.com\/?s={search_term_string}\"},\"query-input\":\"required name=search_term_string\"}],\"inLanguage\":\"es\"}]}<\/script>\n<!-- \/ Yoast SEO plugin. -->","yoast_head_json":{"title":"Broche Ancla Esperanza de Triana 8cm - Sevicor","robots":{"index":"index","follow":"follow","max-snippet":"max-snippet:-1","max-image-preview":"max-image-preview:large","max-video-preview":"max-video-preview:-1"},"canonical":"https:\/\/tallerorfebreria.com\/index.php\/product\/broche-ancla-esperanza-8cm\/","og_locale":"es_ES","og_type":"article","og_title":"Broche Ancla Esperanza de Triana 8cm - Sevicor","og_description":"Broche del ancla de Triana realizado de forma artesanal en plata de ley.  El tama\u00f1o es 8cm.  Tambi\u00e9n tenemos el broche del ancla de Triana en plata con ba\u00f1o de oro.","og_url":"https:\/\/tallerorfebreria.com\/index.php\/product\/broche-ancla-esperanza-8cm\/","og_site_name":"Sevicor","article_modified_time":"2025-07-16T10:16:18+00:00","og_image":[{"width":800,"height":800,"url":"https:\/\/tallerorfebreria.com\/wp-content\/uploads\/2019\/08\/broche-ancla-triana-8cm.jpg","type":"image\/jpeg"}],"twitter_card":"summary_large_image","schema":{"@context":"https:\/\/schema.org","@graph":[{"@type":"WebPage","@id":"https:\/\/tallerorfebreria.com\/index.php\/product\/broche-ancla-esperanza-8cm\/","url":"https:\/\/tallerorfebreria.com\/index.php\/product\/broche-ancla-esperanza-8cm\/","name":"Broche Ancla Esperanza de Triana 8cm - Sevicor","isPartOf":{"@id":"https:\/\/tallerorfebreria.com\/#website"},"datePublished":"2019-08-08T14:52:44+00:00","dateModified":"2025-07-16T10:16:18+00:00","breadcrumb":{"@id":"https:\/\/tallerorfebreria.com\/index.php\/product\/broche-ancla-esperanza-8cm\/#breadcrumb"},"inLanguage":"es","potentialAction":[{"@type":"ReadAction","target":["https:\/\/tallerorfebreria.com\/index.php\/product\/broche-ancla-esperanza-8cm\/"]}]},{"@type":"BreadcrumbList","@id":"https:\/\/tallerorfebreria.com\/index.php\/product\/broche-ancla-esperanza-8cm\/#breadcrumb","itemListElement":[{"@type":"ListItem","position":1,"name":"Home","item":"https:\/\/tallerorfebreria.com\/"},{"@type":"ListItem","position":2,"name":"Tienda","item":"https:\/\/tallerorfebreria.com\/index.php\/tienda\/"},{"@type":"ListItem","position":3,"name":"Broche Ancla Esperanza de Triana 8cm"}]},{"@type":"WebSite","@id":"https:\/\/tallerorfebreria.com\/#website","url":"https:\/\/tallerorfebreria.com\/","name":"Sevicor","description":"Taller de Orfebrer\u00eda","potentialAction":[{"@type":"SearchAction","target":{"@type":"EntryPoint","urlTemplate":"https:\/\/tallerorfebreria.com\/?s={search_term_string}"},"query-input":"required name=search_term_string"}],"inLanguage":"es"}]}},"amp_enabled":true,"_links":{"self":[{"href":"https:\/\/tallerorfebreria.com\/index.php\/wp-json\/wp\/v2\/product\/3452"}],"collection":[{"href":"https:\/\/tallerorfebreria.com\/index.php\/wp-json\/wp\/v2\/product"}],"about":[{"href":"https:\/\/tallerorfebreria.com\/index.php\/wp-json\/wp\/v2\/types\/product"}],"replies":[{"embeddable":true,"href":"https:\/\/tallerorfebreria.com\/index.php\/wp-json\/wp\/v2\/comments?post=3452"}],"wp:featuredmedia":[{"embeddable":true,"href":"https:\/\/tallerorfebreria.com\/index.php\/wp-json\/wp\/v2\/media\/3453"}],"wp:attachment":[{"href":"https:\/\/tallerorfebreria.com\/index.php\/wp-json\/wp\/v2\/media?parent=3452"}],"wp:term":[{"taxonomy":"product_cat","embeddable":true,"href":"https:\/\/tallerorfebreria.com\/index.php\/wp-json\/wp\/v2\/product_cat?post=3452"},{"taxonomy":"product_tag","embeddable":true,"href":"https:\/\/tallerorfebreria.com\/index.php\/wp-json\/wp\/v2\/product_tag?post=3452"}],"curies":[{"name":"wp","href":"https:\/\/api.w.org\/{rel}","templated":true}]}}