{"id":3469,"date":"2019-08-08T17:10:24","date_gmt":"2019-08-08T15:10:24","guid":{"rendered":"http:\/\/tallerorfebreria.com\/?post_type=product&#038;p=3469"},"modified":"2025-05-30T17:18:17","modified_gmt":"2025-05-30T15:18:17","slug":"replica-llamador-en-miniatura","status":"publish","type":"product","link":"https:\/\/tallerorfebreria.com\/index.php\/product\/replica-llamador-en-miniatura\/","title":{"rendered":"Llamador Tres Ca\u00eddas de Triana"},"content":{"rendered":"<p>R\u00e9plica en miniatura del llamador del paso del Sant\u00edsimo Cristo de Las Tres Ca\u00eddas de Triana.<\/p>\n<p>Est\u00e1 realizado de forma artesanal en nuestro <a href=\"https:\/\/www.instagram.com\/sevicor.taller.orfebreria\/\">taller de orfebrer\u00eda<\/a> en metal con\u00a0 ba\u00f1o de plata, sobre una peana de madera. Suena de la misma manera que lo hace un llamador de semana santa, puesto que para su realizaci\u00f3n utilizamos las mismas t\u00e9cnicas y materiales.<\/p>\n<p>El tama\u00f1o es 13 cm de ancho por 12 cm de alto. Tambi\u00e9n tenemos un llamador similar, pero de un <a href=\"https:\/\/tallerorfebreria.com\/index.php\/product\/llamador-tres-caidas-triana\/\">tama\u00f1o m\u00e1s peque\u00f1o<\/a> que mide 4 cm por 5 cm.\u00a0 En la secci\u00f3n &#8220;llamadores&#8221; de nuestra web pueden ver m\u00e1s modelos de r\u00e9plica llamador en miniatura de distintas hermandades de la semana santa de Sevilla, como pueden ser &#8220;<a href=\"https:\/\/tallerorfebreria.com\/index.php\/product\/llamador-gran-poder-sevilla\/\">llamador de Nuestro Padre Jes\u00fas del Gran Poder<\/a>&#8220;, &#8220;<a href=\"https:\/\/tallerorfebreria.com\/index.php\/product\/llamador-sentencia-macarena-miniatura\/\">Llamador Jes\u00fas de la Sentencia Macarena<\/a>&#8221; o\u00a0 &#8220;Llamador de la Esperanza de Triana&#8221;.<\/p>\n<p>Tenemos una secci\u00f3n dedicada al Sant\u00edsimo cristo de las tres ca\u00eddas de Triana, y de Nuestra Se\u00f1ora de la Esperanza de Triana. Aqu\u00ed puedes encontrar, el <a href=\"https:\/\/tallerorfebreria.com\/index.php\/product\/alfiler-ancla-esperanza-de-triana\/\">alfiler del ancla de Triana<\/a>, <a href=\"https:\/\/tallerorfebreria.com\/index.php\/product\/broche-ancla-esperanza-8cm\/\">broche de ancla de Triana<\/a>, <a href=\"https:\/\/tallerorfebreria.com\/index.php\/product\/charm-ancla-de-triana\/\">charm para pulseras pandora<\/a> con el mismo motivo, <a href=\"https:\/\/tallerorfebreria.com\/index.php\/product\/gemelos-ancla-esperanza-de-triana\/\">gemelos<\/a>, <a href=\"https:\/\/tallerorfebreria.com\/index.php\/product\/pin-ancla-esperanza-de-triana\/\">pin<\/a> y <a href=\"https:\/\/tallerorfebreria.com\/index.php\/product\/pulsera-ancla-esperanza-de-triana\/\">pulseras<\/a>. Todos estos productos est\u00e1n realizados en plata de ley, y plata chapada en oro de 24 kil\u00e1tes, circonitas de primera calidad y cristales de swarovski. Tambi\u00e9n tenemos otros abalorios cofrades para pulseras de pandora, como son nazarenos, costaleros, llamadores&#8230; En nuestra web, tenemos un apartado llamado &#8220;charms pulseras&#8221; donde se pueden ver todos los modelos que tenemos.<\/p>\n<p>Adem\u00e1s de estas r\u00e9plicas de llamador en miniatura, trabajamos con hermandades de toda la geograf\u00eda y realizamos llamadores personalizados para cada hermandad. En este caso trabajamos bajo dise\u00f1o, haciendo para cada hermandad un trabajo personal y \u00fanico. Si quer\u00e9is un trabajo personalizado de este tipo, pod\u00e9is pedir m\u00e1s informaci\u00f3n a trav\u00e9s de nuestro email: info@tallerorfebreria.com<\/p>\n","protected":false},"excerpt":{"rendered":"<div id=\"short_description_block\">\n<div id=\"short_description_content\" class=\"rte align_justify\">\n<p style=\"text-align: justify;\">Miniatura del llamador del Paso de Cristo de las Tres Ca\u00eddas de Triana. Est\u00e1 realizado en metal plateado y la peana es de madera. El tama\u00f1o es 13 cm.<\/p>\n<\/div>\n<\/div>\n","protected":false},"featured_media":4450,"comment_status":"open","ping_status":"closed","template":"","meta":[],"product_cat":[70],"product_tag":[],"yoast_head":"<!-- This site is optimized with the Yoast SEO plugin v20.11 - https:\/\/yoast.com\/wordpress\/plugins\/seo\/ -->\n<title>R\u00e9plica llamador en miniatura de Tres Ca\u00eddas de Triana<\/title>\n<meta name=\"description\" content=\"R\u00e9plica en miniatura del llamador del paso del Sant\u00edsimo Cristo de Las Tres Ca\u00eddas de Triana. Est\u00e1 realizado artesanalmente en nuestro taller de orfebrer\u00eda.\" \/>\n<meta name=\"robots\" content=\"index, follow, max-snippet:-1, max-image-preview:large, max-video-preview:-1\" \/>\n<link rel=\"canonical\" href=\"https:\/\/tallerorfebreria.com\/index.php\/product\/replica-llamador-en-miniatura\/\" \/>\n<meta property=\"og:locale\" content=\"es_ES\" \/>\n<meta property=\"og:type\" content=\"article\" \/>\n<meta property=\"og:title\" content=\"Llamador Tres Ca\u00eddas de Triana\" \/>\n<meta property=\"og:description\" content=\"R\u00e9plica en miniatura del llamador del paso del Sant\u00edsimo Cristo de Las Tres Ca\u00eddas de Triana. Est\u00e1 realizado artesanalmente en nuestro taller de orfebrer\u00eda.\" \/>\n<meta property=\"og:url\" content=\"https:\/\/tallerorfebreria.com\/index.php\/product\/replica-llamador-en-miniatura\/\" \/>\n<meta property=\"og:site_name\" content=\"Sevicor\" \/>\n<meta property=\"article:modified_time\" content=\"2025-05-30T15:18:17+00:00\" \/>\n<meta property=\"og:image\" content=\"https:\/\/tallerorfebreria.com\/wp-content\/uploads\/2019\/08\/05.jpg\" \/>\n\t<meta property=\"og:image:width\" content=\"800\" \/>\n\t<meta property=\"og:image:height\" content=\"800\" \/>\n\t<meta property=\"og:image:type\" content=\"image\/jpeg\" \/>\n<meta name=\"twitter:card\" content=\"summary_large_image\" \/>\n<meta name=\"twitter:label1\" content=\"Tiempo de lectura\" \/>\n\t<meta name=\"twitter:data1\" content=\"2 minutos\" \/>\n<script type=\"application\/ld+json\" class=\"yoast-schema-graph\">{\"@context\":\"https:\/\/schema.org\",\"@graph\":[{\"@type\":\"WebPage\",\"@id\":\"https:\/\/tallerorfebreria.com\/index.php\/product\/replica-llamador-en-miniatura\/\",\"url\":\"https:\/\/tallerorfebreria.com\/index.php\/product\/replica-llamador-en-miniatura\/\",\"name\":\"R\u00e9plica llamador en miniatura de Tres Ca\u00eddas de Triana\",\"isPartOf\":{\"@id\":\"https:\/\/tallerorfebreria.com\/#website\"},\"datePublished\":\"2019-08-08T15:10:24+00:00\",\"dateModified\":\"2025-05-30T15:18:17+00:00\",\"description\":\"R\u00e9plica en miniatura del llamador del paso del Sant\u00edsimo Cristo de Las Tres Ca\u00eddas de Triana. Est\u00e1 realizado artesanalmente en nuestro taller de orfebrer\u00eda.\",\"breadcrumb\":{\"@id\":\"https:\/\/tallerorfebreria.com\/index.php\/product\/replica-llamador-en-miniatura\/#breadcrumb\"},\"inLanguage\":\"es\",\"potentialAction\":[{\"@type\":\"ReadAction\",\"target\":[\"https:\/\/tallerorfebreria.com\/index.php\/product\/replica-llamador-en-miniatura\/\"]}]},{\"@type\":\"BreadcrumbList\",\"@id\":\"https:\/\/tallerorfebreria.com\/index.php\/product\/replica-llamador-en-miniatura\/#breadcrumb\",\"itemListElement\":[{\"@type\":\"ListItem\",\"position\":1,\"name\":\"Home\",\"item\":\"https:\/\/tallerorfebreria.com\/\"},{\"@type\":\"ListItem\",\"position\":2,\"name\":\"Tienda\",\"item\":\"https:\/\/tallerorfebreria.com\/index.php\/tienda\/\"},{\"@type\":\"ListItem\",\"position\":3,\"name\":\"Llamador Tres Ca\u00eddas de Triana\"}]},{\"@type\":\"WebSite\",\"@id\":\"https:\/\/tallerorfebreria.com\/#website\",\"url\":\"https:\/\/tallerorfebreria.com\/\",\"name\":\"Sevicor\",\"description\":\"Taller de Orfebrer\u00eda\",\"potentialAction\":[{\"@type\":\"SearchAction\",\"target\":{\"@type\":\"EntryPoint\",\"urlTemplate\":\"https:\/\/tallerorfebreria.com\/?s={search_term_string}\"},\"query-input\":\"required name=search_term_string\"}],\"inLanguage\":\"es\"}]}<\/script>\n<!-- \/ Yoast SEO plugin. -->","yoast_head_json":{"title":"R\u00e9plica llamador en miniatura de Tres Ca\u00eddas de Triana","description":"R\u00e9plica en miniatura del llamador del paso del Sant\u00edsimo Cristo de Las Tres Ca\u00eddas de Triana. Est\u00e1 realizado artesanalmente en nuestro taller de orfebrer\u00eda.","robots":{"index":"index","follow":"follow","max-snippet":"max-snippet:-1","max-image-preview":"max-image-preview:large","max-video-preview":"max-video-preview:-1"},"canonical":"https:\/\/tallerorfebreria.com\/index.php\/product\/replica-llamador-en-miniatura\/","og_locale":"es_ES","og_type":"article","og_title":"Llamador Tres Ca\u00eddas de Triana","og_description":"R\u00e9plica en miniatura del llamador del paso del Sant\u00edsimo Cristo de Las Tres Ca\u00eddas de Triana. Est\u00e1 realizado artesanalmente en nuestro taller de orfebrer\u00eda.","og_url":"https:\/\/tallerorfebreria.com\/index.php\/product\/replica-llamador-en-miniatura\/","og_site_name":"Sevicor","article_modified_time":"2025-05-30T15:18:17+00:00","og_image":[{"width":800,"height":800,"url":"https:\/\/tallerorfebreria.com\/wp-content\/uploads\/2019\/08\/05.jpg","type":"image\/jpeg"}],"twitter_card":"summary_large_image","twitter_misc":{"Tiempo de lectura":"2 minutos"},"schema":{"@context":"https:\/\/schema.org","@graph":[{"@type":"WebPage","@id":"https:\/\/tallerorfebreria.com\/index.php\/product\/replica-llamador-en-miniatura\/","url":"https:\/\/tallerorfebreria.com\/index.php\/product\/replica-llamador-en-miniatura\/","name":"R\u00e9plica llamador en miniatura de Tres Ca\u00eddas de Triana","isPartOf":{"@id":"https:\/\/tallerorfebreria.com\/#website"},"datePublished":"2019-08-08T15:10:24+00:00","dateModified":"2025-05-30T15:18:17+00:00","description":"R\u00e9plica en miniatura del llamador del paso del Sant\u00edsimo Cristo de Las Tres Ca\u00eddas de Triana. Est\u00e1 realizado artesanalmente en nuestro taller de orfebrer\u00eda.","breadcrumb":{"@id":"https:\/\/tallerorfebreria.com\/index.php\/product\/replica-llamador-en-miniatura\/#breadcrumb"},"inLanguage":"es","potentialAction":[{"@type":"ReadAction","target":["https:\/\/tallerorfebreria.com\/index.php\/product\/replica-llamador-en-miniatura\/"]}]},{"@type":"BreadcrumbList","@id":"https:\/\/tallerorfebreria.com\/index.php\/product\/replica-llamador-en-miniatura\/#breadcrumb","itemListElement":[{"@type":"ListItem","position":1,"name":"Home","item":"https:\/\/tallerorfebreria.com\/"},{"@type":"ListItem","position":2,"name":"Tienda","item":"https:\/\/tallerorfebreria.com\/index.php\/tienda\/"},{"@type":"ListItem","position":3,"name":"Llamador Tres Ca\u00eddas de Triana"}]},{"@type":"WebSite","@id":"https:\/\/tallerorfebreria.com\/#website","url":"https:\/\/tallerorfebreria.com\/","name":"Sevicor","description":"Taller de Orfebrer\u00eda","potentialAction":[{"@type":"SearchAction","target":{"@type":"EntryPoint","urlTemplate":"https:\/\/tallerorfebreria.com\/?s={search_term_string}"},"query-input":"required name=search_term_string"}],"inLanguage":"es"}]}},"amp_enabled":true,"_links":{"self":[{"href":"https:\/\/tallerorfebreria.com\/index.php\/wp-json\/wp\/v2\/product\/3469"}],"collection":[{"href":"https:\/\/tallerorfebreria.com\/index.php\/wp-json\/wp\/v2\/product"}],"about":[{"href":"https:\/\/tallerorfebreria.com\/index.php\/wp-json\/wp\/v2\/types\/product"}],"replies":[{"embeddable":true,"href":"https:\/\/tallerorfebreria.com\/index.php\/wp-json\/wp\/v2\/comments?post=3469"}],"wp:featuredmedia":[{"embeddable":true,"href":"https:\/\/tallerorfebreria.com\/index.php\/wp-json\/wp\/v2\/media\/4450"}],"wp:attachment":[{"href":"https:\/\/tallerorfebreria.com\/index.php\/wp-json\/wp\/v2\/media?parent=3469"}],"wp:term":[{"taxonomy":"product_cat","embeddable":true,"href":"https:\/\/tallerorfebreria.com\/index.php\/wp-json\/wp\/v2\/product_cat?post=3469"},{"taxonomy":"product_tag","embeddable":true,"href":"https:\/\/tallerorfebreria.com\/index.php\/wp-json\/wp\/v2\/product_tag?post=3469"}],"curies":[{"name":"wp","href":"https:\/\/api.w.org\/{rel}","templated":true}]}}