{"id":3494,"date":"2019-08-08T17:35:25","date_gmt":"2019-08-08T15:35:25","guid":{"rendered":"http:\/\/tallerorfebreria.com\/?post_type=product&#038;p=3494"},"modified":"2019-09-03T13:02:43","modified_gmt":"2019-09-03T11:02:43","slug":"potencias-orfebreria-miniatura","status":"publish","type":"product","link":"https:\/\/tallerorfebreria.com\/index.php\/product\/potencias-orfebreria-miniatura\/","title":{"rendered":"Potencias Orfebrer\u00eda Miniatura"},"content":{"rendered":"","protected":false},"excerpt":{"rendered":"<div id=\"short_description_block\">\n<div id=\"short_description_content\" class=\"rte align_justify\">\n<p>Potencias de tma\u00f1o natural, cinceladas en metal con ba\u00f1o de oro de 24 kilates. Tambi\u00e9n se pueden hacer en metal con ba\u00f1o de plata.\u00a0 Este tipo de trabajos los hacemos por encargo.<\/p>\n<\/div>\n<\/div>\n","protected":false},"featured_media":3500,"comment_status":"open","ping_status":"closed","template":"","meta":[],"product_cat":[71],"product_tag":[],"yoast_head":"<!-- This site is optimized with the Yoast SEO plugin v20.11 - https:\/\/yoast.com\/wordpress\/plugins\/seo\/ -->\n<title>Potencias Orfebrer\u00eda Miniatura - Sevicor<\/title>\n<meta name=\"robots\" content=\"index, follow, max-snippet:-1, max-image-preview:large, max-video-preview:-1\" \/>\n<link rel=\"canonical\" href=\"https:\/\/tallerorfebreria.com\/index.php\/product\/potencias-orfebreria-miniatura\/\" \/>\n<meta property=\"og:locale\" content=\"es_ES\" \/>\n<meta property=\"og:type\" content=\"article\" \/>\n<meta property=\"og:title\" content=\"Potencias Orfebrer\u00eda Miniatura - Sevicor\" \/>\n<meta property=\"og:description\" content=\"Potencias de tma\u00f1o natural, cinceladas en metal con ba\u00f1o de oro de 24 kilates. Tambi\u00e9n se pueden hacer en metal con ba\u00f1o de plata.\u00a0 Este tipo de trabajos los hacemos por encargo.\" \/>\n<meta property=\"og:url\" content=\"https:\/\/tallerorfebreria.com\/index.php\/product\/potencias-orfebreria-miniatura\/\" \/>\n<meta property=\"og:site_name\" content=\"Sevicor\" \/>\n<meta property=\"article:modified_time\" content=\"2019-09-03T11:02:43+00:00\" \/>\n<meta property=\"og:image\" content=\"https:\/\/tallerorfebreria.com\/wp-content\/uploads\/2019\/08\/potencias-orfebreria.jpg\" \/>\n\t<meta property=\"og:image:width\" content=\"458\" \/>\n\t<meta property=\"og:image:height\" content=\"458\" \/>\n\t<meta property=\"og:image:type\" content=\"image\/jpeg\" \/>\n<meta name=\"twitter:card\" content=\"summary_large_image\" \/>\n<script type=\"application\/ld+json\" class=\"yoast-schema-graph\">{\"@context\":\"https:\/\/schema.org\",\"@graph\":[{\"@type\":\"WebPage\",\"@id\":\"https:\/\/tallerorfebreria.com\/index.php\/product\/potencias-orfebreria-miniatura\/\",\"url\":\"https:\/\/tallerorfebreria.com\/index.php\/product\/potencias-orfebreria-miniatura\/\",\"name\":\"Potencias Orfebrer\u00eda Miniatura - Sevicor\",\"isPartOf\":{\"@id\":\"https:\/\/tallerorfebreria.com\/#website\"},\"datePublished\":\"2019-08-08T15:35:25+00:00\",\"dateModified\":\"2019-09-03T11:02:43+00:00\",\"breadcrumb\":{\"@id\":\"https:\/\/tallerorfebreria.com\/index.php\/product\/potencias-orfebreria-miniatura\/#breadcrumb\"},\"inLanguage\":\"es\",\"potentialAction\":[{\"@type\":\"ReadAction\",\"target\":[\"https:\/\/tallerorfebreria.com\/index.php\/product\/potencias-orfebreria-miniatura\/\"]}]},{\"@type\":\"BreadcrumbList\",\"@id\":\"https:\/\/tallerorfebreria.com\/index.php\/product\/potencias-orfebreria-miniatura\/#breadcrumb\",\"itemListElement\":[{\"@type\":\"ListItem\",\"position\":1,\"name\":\"Home\",\"item\":\"https:\/\/tallerorfebreria.com\/\"},{\"@type\":\"ListItem\",\"position\":2,\"name\":\"Tienda\",\"item\":\"https:\/\/tallerorfebreria.com\/index.php\/tienda\/\"},{\"@type\":\"ListItem\",\"position\":3,\"name\":\"Potencias Orfebrer\u00eda Miniatura\"}]},{\"@type\":\"WebSite\",\"@id\":\"https:\/\/tallerorfebreria.com\/#website\",\"url\":\"https:\/\/tallerorfebreria.com\/\",\"name\":\"Sevicor\",\"description\":\"Taller de Orfebrer\u00eda\",\"potentialAction\":[{\"@type\":\"SearchAction\",\"target\":{\"@type\":\"EntryPoint\",\"urlTemplate\":\"https:\/\/tallerorfebreria.com\/?s={search_term_string}\"},\"query-input\":\"required name=search_term_string\"}],\"inLanguage\":\"es\"}]}<\/script>\n<!-- \/ Yoast SEO plugin. -->","yoast_head_json":{"title":"Potencias Orfebrer\u00eda Miniatura - Sevicor","robots":{"index":"index","follow":"follow","max-snippet":"max-snippet:-1","max-image-preview":"max-image-preview:large","max-video-preview":"max-video-preview:-1"},"canonical":"https:\/\/tallerorfebreria.com\/index.php\/product\/potencias-orfebreria-miniatura\/","og_locale":"es_ES","og_type":"article","og_title":"Potencias Orfebrer\u00eda Miniatura - Sevicor","og_description":"Potencias de tma\u00f1o natural, cinceladas en metal con ba\u00f1o de oro de 24 kilates. Tambi\u00e9n se pueden hacer en metal con ba\u00f1o de plata.\u00a0 Este tipo de trabajos los hacemos por encargo.","og_url":"https:\/\/tallerorfebreria.com\/index.php\/product\/potencias-orfebreria-miniatura\/","og_site_name":"Sevicor","article_modified_time":"2019-09-03T11:02:43+00:00","og_image":[{"width":458,"height":458,"url":"https:\/\/tallerorfebreria.com\/wp-content\/uploads\/2019\/08\/potencias-orfebreria.jpg","type":"image\/jpeg"}],"twitter_card":"summary_large_image","schema":{"@context":"https:\/\/schema.org","@graph":[{"@type":"WebPage","@id":"https:\/\/tallerorfebreria.com\/index.php\/product\/potencias-orfebreria-miniatura\/","url":"https:\/\/tallerorfebreria.com\/index.php\/product\/potencias-orfebreria-miniatura\/","name":"Potencias Orfebrer\u00eda Miniatura - Sevicor","isPartOf":{"@id":"https:\/\/tallerorfebreria.com\/#website"},"datePublished":"2019-08-08T15:35:25+00:00","dateModified":"2019-09-03T11:02:43+00:00","breadcrumb":{"@id":"https:\/\/tallerorfebreria.com\/index.php\/product\/potencias-orfebreria-miniatura\/#breadcrumb"},"inLanguage":"es","potentialAction":[{"@type":"ReadAction","target":["https:\/\/tallerorfebreria.com\/index.php\/product\/potencias-orfebreria-miniatura\/"]}]},{"@type":"BreadcrumbList","@id":"https:\/\/tallerorfebreria.com\/index.php\/product\/potencias-orfebreria-miniatura\/#breadcrumb","itemListElement":[{"@type":"ListItem","position":1,"name":"Home","item":"https:\/\/tallerorfebreria.com\/"},{"@type":"ListItem","position":2,"name":"Tienda","item":"https:\/\/tallerorfebreria.com\/index.php\/tienda\/"},{"@type":"ListItem","position":3,"name":"Potencias Orfebrer\u00eda Miniatura"}]},{"@type":"WebSite","@id":"https:\/\/tallerorfebreria.com\/#website","url":"https:\/\/tallerorfebreria.com\/","name":"Sevicor","description":"Taller de Orfebrer\u00eda","potentialAction":[{"@type":"SearchAction","target":{"@type":"EntryPoint","urlTemplate":"https:\/\/tallerorfebreria.com\/?s={search_term_string}"},"query-input":"required name=search_term_string"}],"inLanguage":"es"}]}},"amp_enabled":true,"_links":{"self":[{"href":"https:\/\/tallerorfebreria.com\/index.php\/wp-json\/wp\/v2\/product\/3494"}],"collection":[{"href":"https:\/\/tallerorfebreria.com\/index.php\/wp-json\/wp\/v2\/product"}],"about":[{"href":"https:\/\/tallerorfebreria.com\/index.php\/wp-json\/wp\/v2\/types\/product"}],"replies":[{"embeddable":true,"href":"https:\/\/tallerorfebreria.com\/index.php\/wp-json\/wp\/v2\/comments?post=3494"}],"wp:featuredmedia":[{"embeddable":true,"href":"https:\/\/tallerorfebreria.com\/index.php\/wp-json\/wp\/v2\/media\/3500"}],"wp:attachment":[{"href":"https:\/\/tallerorfebreria.com\/index.php\/wp-json\/wp\/v2\/media?parent=3494"}],"wp:term":[{"taxonomy":"product_cat","embeddable":true,"href":"https:\/\/tallerorfebreria.com\/index.php\/wp-json\/wp\/v2\/product_cat?post=3494"},{"taxonomy":"product_tag","embeddable":true,"href":"https:\/\/tallerorfebreria.com\/index.php\/wp-json\/wp\/v2\/product_tag?post=3494"}],"curies":[{"name":"wp","href":"https:\/\/api.w.org\/{rel}","templated":true}]}}