{"id":4713,"date":"2020-05-16T10:01:34","date_gmt":"2020-05-16T08:01:34","guid":{"rendered":"https:\/\/tallerorfebreria.com\/?post_type=product&#038;p=4713"},"modified":"2020-06-05T18:22:56","modified_gmt":"2020-06-05T16:22:56","slug":"colgante-skyline-cadiz","status":"publish","type":"product","link":"https:\/\/tallerorfebreria.com\/index.php\/product\/colgante-skyline-cadiz\/","title":{"rendered":"Colgante Skyline C\u00e1diz"},"content":{"rendered":"","protected":false},"excerpt":{"rendered":"<p>Colgante inspirado en los edificios m\u00e1s emblem\u00e1ticos de C\u00e1diz. Catedral de C\u00e1diz, Las Puertas de Tierra, La caleta y el Gran Teatro Falla.<\/p>\n<p>Est\u00e1 realizado en plata de ley, pero se puede hacer tambi\u00e9n en plata con ba\u00f1o de oro.<\/p>\n<p>El tama\u00f1o del colgante es 2,5 cm.<\/p>\n<p>La cadena mide 40 cm pero tiene 5 cm m\u00e1s para que se ajuste a todas las medidas.<\/p>\n","protected":false},"featured_media":4714,"comment_status":"open","ping_status":"closed","template":"","meta":[],"product_cat":[78],"product_tag":[],"yoast_head":"<!-- This site is optimized with the Yoast SEO plugin v20.11 - https:\/\/yoast.com\/wordpress\/plugins\/seo\/ -->\n<title>Colgante Skyline C\u00e1diz - Sevicor<\/title>\n<meta name=\"robots\" content=\"index, follow, max-snippet:-1, max-image-preview:large, max-video-preview:-1\" \/>\n<link rel=\"canonical\" href=\"https:\/\/tallerorfebreria.com\/index.php\/product\/colgante-skyline-cadiz\/\" \/>\n<meta property=\"og:locale\" content=\"es_ES\" \/>\n<meta property=\"og:type\" content=\"article\" \/>\n<meta property=\"og:title\" content=\"Colgante Skyline C\u00e1diz - Sevicor\" \/>\n<meta property=\"og:description\" content=\"Colgante inspirado en los edificios m\u00e1s emblem\u00e1ticos de C\u00e1diz. Catedral de C\u00e1diz, Las Puertas de Tierra, La caleta y el Gran Teatro Falla.  Est\u00e1 realizado en plata de ley, pero se puede hacer tambi\u00e9n en plata con ba\u00f1o de oro.  El tama\u00f1o del colgante es 2,5 cm.  La cadena mide 40 cm pero tiene 5 cm m\u00e1s para que se ajuste a todas las medidas.\" \/>\n<meta property=\"og:url\" content=\"https:\/\/tallerorfebreria.com\/index.php\/product\/colgante-skyline-cadiz\/\" \/>\n<meta property=\"og:site_name\" content=\"Sevicor\" \/>\n<meta property=\"article:modified_time\" content=\"2020-06-05T16:22:56+00:00\" \/>\n<meta property=\"og:image\" content=\"https:\/\/tallerorfebreria.com\/wp-content\/uploads\/2020\/05\/colgante-skyline-cadiz.jpg\" \/>\n\t<meta property=\"og:image:width\" content=\"516\" \/>\n\t<meta property=\"og:image:height\" content=\"730\" \/>\n\t<meta property=\"og:image:type\" content=\"image\/jpeg\" \/>\n<meta name=\"twitter:card\" content=\"summary_large_image\" \/>\n<script type=\"application\/ld+json\" class=\"yoast-schema-graph\">{\"@context\":\"https:\/\/schema.org\",\"@graph\":[{\"@type\":\"WebPage\",\"@id\":\"https:\/\/tallerorfebreria.com\/index.php\/product\/colgante-skyline-cadiz\/\",\"url\":\"https:\/\/tallerorfebreria.com\/index.php\/product\/colgante-skyline-cadiz\/\",\"name\":\"Colgante Skyline C\u00e1diz - Sevicor\",\"isPartOf\":{\"@id\":\"https:\/\/tallerorfebreria.com\/#website\"},\"datePublished\":\"2020-05-16T08:01:34+00:00\",\"dateModified\":\"2020-06-05T16:22:56+00:00\",\"breadcrumb\":{\"@id\":\"https:\/\/tallerorfebreria.com\/index.php\/product\/colgante-skyline-cadiz\/#breadcrumb\"},\"inLanguage\":\"es\",\"potentialAction\":[{\"@type\":\"ReadAction\",\"target\":[\"https:\/\/tallerorfebreria.com\/index.php\/product\/colgante-skyline-cadiz\/\"]}]},{\"@type\":\"BreadcrumbList\",\"@id\":\"https:\/\/tallerorfebreria.com\/index.php\/product\/colgante-skyline-cadiz\/#breadcrumb\",\"itemListElement\":[{\"@type\":\"ListItem\",\"position\":1,\"name\":\"Home\",\"item\":\"https:\/\/tallerorfebreria.com\/\"},{\"@type\":\"ListItem\",\"position\":2,\"name\":\"Tienda\",\"item\":\"https:\/\/tallerorfebreria.com\/index.php\/tienda\/\"},{\"@type\":\"ListItem\",\"position\":3,\"name\":\"Colgante Skyline C\u00e1diz\"}]},{\"@type\":\"WebSite\",\"@id\":\"https:\/\/tallerorfebreria.com\/#website\",\"url\":\"https:\/\/tallerorfebreria.com\/\",\"name\":\"Sevicor\",\"description\":\"Taller de Orfebrer\u00eda\",\"potentialAction\":[{\"@type\":\"SearchAction\",\"target\":{\"@type\":\"EntryPoint\",\"urlTemplate\":\"https:\/\/tallerorfebreria.com\/?s={search_term_string}\"},\"query-input\":\"required name=search_term_string\"}],\"inLanguage\":\"es\"}]}<\/script>\n<!-- \/ Yoast SEO plugin. -->","yoast_head_json":{"title":"Colgante Skyline C\u00e1diz - Sevicor","robots":{"index":"index","follow":"follow","max-snippet":"max-snippet:-1","max-image-preview":"max-image-preview:large","max-video-preview":"max-video-preview:-1"},"canonical":"https:\/\/tallerorfebreria.com\/index.php\/product\/colgante-skyline-cadiz\/","og_locale":"es_ES","og_type":"article","og_title":"Colgante Skyline C\u00e1diz - Sevicor","og_description":"Colgante inspirado en los edificios m\u00e1s emblem\u00e1ticos de C\u00e1diz. Catedral de C\u00e1diz, Las Puertas de Tierra, La caleta y el Gran Teatro Falla.  Est\u00e1 realizado en plata de ley, pero se puede hacer tambi\u00e9n en plata con ba\u00f1o de oro.  El tama\u00f1o del colgante es 2,5 cm.  La cadena mide 40 cm pero tiene 5 cm m\u00e1s para que se ajuste a todas las medidas.","og_url":"https:\/\/tallerorfebreria.com\/index.php\/product\/colgante-skyline-cadiz\/","og_site_name":"Sevicor","article_modified_time":"2020-06-05T16:22:56+00:00","og_image":[{"width":516,"height":730,"url":"https:\/\/tallerorfebreria.com\/wp-content\/uploads\/2020\/05\/colgante-skyline-cadiz.jpg","type":"image\/jpeg"}],"twitter_card":"summary_large_image","schema":{"@context":"https:\/\/schema.org","@graph":[{"@type":"WebPage","@id":"https:\/\/tallerorfebreria.com\/index.php\/product\/colgante-skyline-cadiz\/","url":"https:\/\/tallerorfebreria.com\/index.php\/product\/colgante-skyline-cadiz\/","name":"Colgante Skyline C\u00e1diz - Sevicor","isPartOf":{"@id":"https:\/\/tallerorfebreria.com\/#website"},"datePublished":"2020-05-16T08:01:34+00:00","dateModified":"2020-06-05T16:22:56+00:00","breadcrumb":{"@id":"https:\/\/tallerorfebreria.com\/index.php\/product\/colgante-skyline-cadiz\/#breadcrumb"},"inLanguage":"es","potentialAction":[{"@type":"ReadAction","target":["https:\/\/tallerorfebreria.com\/index.php\/product\/colgante-skyline-cadiz\/"]}]},{"@type":"BreadcrumbList","@id":"https:\/\/tallerorfebreria.com\/index.php\/product\/colgante-skyline-cadiz\/#breadcrumb","itemListElement":[{"@type":"ListItem","position":1,"name":"Home","item":"https:\/\/tallerorfebreria.com\/"},{"@type":"ListItem","position":2,"name":"Tienda","item":"https:\/\/tallerorfebreria.com\/index.php\/tienda\/"},{"@type":"ListItem","position":3,"name":"Colgante Skyline C\u00e1diz"}]},{"@type":"WebSite","@id":"https:\/\/tallerorfebreria.com\/#website","url":"https:\/\/tallerorfebreria.com\/","name":"Sevicor","description":"Taller de Orfebrer\u00eda","potentialAction":[{"@type":"SearchAction","target":{"@type":"EntryPoint","urlTemplate":"https:\/\/tallerorfebreria.com\/?s={search_term_string}"},"query-input":"required name=search_term_string"}],"inLanguage":"es"}]}},"amp_enabled":true,"_links":{"self":[{"href":"https:\/\/tallerorfebreria.com\/index.php\/wp-json\/wp\/v2\/product\/4713"}],"collection":[{"href":"https:\/\/tallerorfebreria.com\/index.php\/wp-json\/wp\/v2\/product"}],"about":[{"href":"https:\/\/tallerorfebreria.com\/index.php\/wp-json\/wp\/v2\/types\/product"}],"replies":[{"embeddable":true,"href":"https:\/\/tallerorfebreria.com\/index.php\/wp-json\/wp\/v2\/comments?post=4713"}],"wp:featuredmedia":[{"embeddable":true,"href":"https:\/\/tallerorfebreria.com\/index.php\/wp-json\/wp\/v2\/media\/4714"}],"wp:attachment":[{"href":"https:\/\/tallerorfebreria.com\/index.php\/wp-json\/wp\/v2\/media?parent=4713"}],"wp:term":[{"taxonomy":"product_cat","embeddable":true,"href":"https:\/\/tallerorfebreria.com\/index.php\/wp-json\/wp\/v2\/product_cat?post=4713"},{"taxonomy":"product_tag","embeddable":true,"href":"https:\/\/tallerorfebreria.com\/index.php\/wp-json\/wp\/v2\/product_tag?post=4713"}],"curies":[{"name":"wp","href":"https:\/\/api.w.org\/{rel}","templated":true}]}}