{"id":4971,"date":"2020-07-09T20:00:44","date_gmt":"2020-07-09T18:00:44","guid":{"rendered":"https:\/\/tallerorfebreria.com\/?post_type=product&#038;p=4971"},"modified":"2020-09-01T13:47:59","modified_gmt":"2020-09-01T11:47:59","slug":"charm-nazareno-el-museo","status":"publish","type":"product","link":"https:\/\/tallerorfebreria.com\/index.php\/product\/charm-nazareno-el-museo\/","title":{"rendered":"Charm Nazareno El Museo"},"content":{"rendered":"","protected":false},"excerpt":{"rendered":"<p>Charm nazareno de la hermandad El Museo. Tenemos los nazarenos de los tramos de cristo y los nazarenos de los tramos de virgen.<\/p>\n<p>Est\u00e1n realizados en plata de ley y esmalte. El tama\u00f1o del nazareno es 18 mm.<\/p>\n<p>Est\u00e1n hechos a mano en nuestro taller y son compatibles con las pulseras tipo pandora.<\/p>\n","protected":false},"featured_media":4969,"comment_status":"open","ping_status":"closed","template":"","meta":[],"product_cat":[67],"product_tag":[],"yoast_head":"<!-- This site is optimized with the Yoast SEO plugin v20.11 - https:\/\/yoast.com\/wordpress\/plugins\/seo\/ -->\n<title>Charm Nazareno El Museo - Sevicor<\/title>\n<meta name=\"robots\" content=\"index, follow, max-snippet:-1, max-image-preview:large, max-video-preview:-1\" \/>\n<link rel=\"canonical\" href=\"https:\/\/tallerorfebreria.com\/index.php\/product\/charm-nazareno-el-museo\/\" \/>\n<meta property=\"og:locale\" content=\"es_ES\" \/>\n<meta property=\"og:type\" content=\"article\" \/>\n<meta property=\"og:title\" content=\"Charm Nazareno El Museo - Sevicor\" \/>\n<meta property=\"og:description\" content=\"Charm nazareno de la hermandad El Museo. Tenemos los nazarenos de los tramos de cristo y los nazarenos de los tramos de virgen.  Est\u00e1n realizados en plata de ley y esmalte. El tama\u00f1o del nazareno es 18 mm.  Est\u00e1n hechos a mano en nuestro taller y son compatibles con las pulseras tipo pandora.\" \/>\n<meta property=\"og:url\" content=\"https:\/\/tallerorfebreria.com\/index.php\/product\/charm-nazareno-el-museo\/\" \/>\n<meta property=\"og:site_name\" content=\"Sevicor\" \/>\n<meta property=\"article:modified_time\" content=\"2020-09-01T11:47:59+00:00\" \/>\n<meta property=\"og:image\" content=\"https:\/\/tallerorfebreria.com\/wp-content\/uploads\/2020\/07\/022-charm-nazareno-santa-genoveva-.jpg\" \/>\n\t<meta property=\"og:image:width\" content=\"800\" \/>\n\t<meta property=\"og:image:height\" content=\"800\" \/>\n\t<meta property=\"og:image:type\" content=\"image\/jpeg\" \/>\n<meta name=\"twitter:card\" content=\"summary_large_image\" \/>\n<script type=\"application\/ld+json\" class=\"yoast-schema-graph\">{\"@context\":\"https:\/\/schema.org\",\"@graph\":[{\"@type\":\"WebPage\",\"@id\":\"https:\/\/tallerorfebreria.com\/index.php\/product\/charm-nazareno-el-museo\/\",\"url\":\"https:\/\/tallerorfebreria.com\/index.php\/product\/charm-nazareno-el-museo\/\",\"name\":\"Charm Nazareno El Museo - Sevicor\",\"isPartOf\":{\"@id\":\"https:\/\/tallerorfebreria.com\/#website\"},\"datePublished\":\"2020-07-09T18:00:44+00:00\",\"dateModified\":\"2020-09-01T11:47:59+00:00\",\"breadcrumb\":{\"@id\":\"https:\/\/tallerorfebreria.com\/index.php\/product\/charm-nazareno-el-museo\/#breadcrumb\"},\"inLanguage\":\"es\",\"potentialAction\":[{\"@type\":\"ReadAction\",\"target\":[\"https:\/\/tallerorfebreria.com\/index.php\/product\/charm-nazareno-el-museo\/\"]}]},{\"@type\":\"BreadcrumbList\",\"@id\":\"https:\/\/tallerorfebreria.com\/index.php\/product\/charm-nazareno-el-museo\/#breadcrumb\",\"itemListElement\":[{\"@type\":\"ListItem\",\"position\":1,\"name\":\"Home\",\"item\":\"https:\/\/tallerorfebreria.com\/\"},{\"@type\":\"ListItem\",\"position\":2,\"name\":\"Tienda\",\"item\":\"https:\/\/tallerorfebreria.com\/index.php\/tienda\/\"},{\"@type\":\"ListItem\",\"position\":3,\"name\":\"Charm Nazareno El Museo\"}]},{\"@type\":\"WebSite\",\"@id\":\"https:\/\/tallerorfebreria.com\/#website\",\"url\":\"https:\/\/tallerorfebreria.com\/\",\"name\":\"Sevicor\",\"description\":\"Taller de Orfebrer\u00eda\",\"potentialAction\":[{\"@type\":\"SearchAction\",\"target\":{\"@type\":\"EntryPoint\",\"urlTemplate\":\"https:\/\/tallerorfebreria.com\/?s={search_term_string}\"},\"query-input\":\"required name=search_term_string\"}],\"inLanguage\":\"es\"}]}<\/script>\n<!-- \/ Yoast SEO plugin. -->","yoast_head_json":{"title":"Charm Nazareno El Museo - Sevicor","robots":{"index":"index","follow":"follow","max-snippet":"max-snippet:-1","max-image-preview":"max-image-preview:large","max-video-preview":"max-video-preview:-1"},"canonical":"https:\/\/tallerorfebreria.com\/index.php\/product\/charm-nazareno-el-museo\/","og_locale":"es_ES","og_type":"article","og_title":"Charm Nazareno El Museo - Sevicor","og_description":"Charm nazareno de la hermandad El Museo. Tenemos los nazarenos de los tramos de cristo y los nazarenos de los tramos de virgen.  Est\u00e1n realizados en plata de ley y esmalte. El tama\u00f1o del nazareno es 18 mm.  Est\u00e1n hechos a mano en nuestro taller y son compatibles con las pulseras tipo pandora.","og_url":"https:\/\/tallerorfebreria.com\/index.php\/product\/charm-nazareno-el-museo\/","og_site_name":"Sevicor","article_modified_time":"2020-09-01T11:47:59+00:00","og_image":[{"width":800,"height":800,"url":"https:\/\/tallerorfebreria.com\/wp-content\/uploads\/2020\/07\/022-charm-nazareno-santa-genoveva-.jpg","type":"image\/jpeg"}],"twitter_card":"summary_large_image","schema":{"@context":"https:\/\/schema.org","@graph":[{"@type":"WebPage","@id":"https:\/\/tallerorfebreria.com\/index.php\/product\/charm-nazareno-el-museo\/","url":"https:\/\/tallerorfebreria.com\/index.php\/product\/charm-nazareno-el-museo\/","name":"Charm Nazareno El Museo - Sevicor","isPartOf":{"@id":"https:\/\/tallerorfebreria.com\/#website"},"datePublished":"2020-07-09T18:00:44+00:00","dateModified":"2020-09-01T11:47:59+00:00","breadcrumb":{"@id":"https:\/\/tallerorfebreria.com\/index.php\/product\/charm-nazareno-el-museo\/#breadcrumb"},"inLanguage":"es","potentialAction":[{"@type":"ReadAction","target":["https:\/\/tallerorfebreria.com\/index.php\/product\/charm-nazareno-el-museo\/"]}]},{"@type":"BreadcrumbList","@id":"https:\/\/tallerorfebreria.com\/index.php\/product\/charm-nazareno-el-museo\/#breadcrumb","itemListElement":[{"@type":"ListItem","position":1,"name":"Home","item":"https:\/\/tallerorfebreria.com\/"},{"@type":"ListItem","position":2,"name":"Tienda","item":"https:\/\/tallerorfebreria.com\/index.php\/tienda\/"},{"@type":"ListItem","position":3,"name":"Charm Nazareno El Museo"}]},{"@type":"WebSite","@id":"https:\/\/tallerorfebreria.com\/#website","url":"https:\/\/tallerorfebreria.com\/","name":"Sevicor","description":"Taller de Orfebrer\u00eda","potentialAction":[{"@type":"SearchAction","target":{"@type":"EntryPoint","urlTemplate":"https:\/\/tallerorfebreria.com\/?s={search_term_string}"},"query-input":"required name=search_term_string"}],"inLanguage":"es"}]}},"amp_enabled":true,"_links":{"self":[{"href":"https:\/\/tallerorfebreria.com\/index.php\/wp-json\/wp\/v2\/product\/4971"}],"collection":[{"href":"https:\/\/tallerorfebreria.com\/index.php\/wp-json\/wp\/v2\/product"}],"about":[{"href":"https:\/\/tallerorfebreria.com\/index.php\/wp-json\/wp\/v2\/types\/product"}],"replies":[{"embeddable":true,"href":"https:\/\/tallerorfebreria.com\/index.php\/wp-json\/wp\/v2\/comments?post=4971"}],"wp:featuredmedia":[{"embeddable":true,"href":"https:\/\/tallerorfebreria.com\/index.php\/wp-json\/wp\/v2\/media\/4969"}],"wp:attachment":[{"href":"https:\/\/tallerorfebreria.com\/index.php\/wp-json\/wp\/v2\/media?parent=4971"}],"wp:term":[{"taxonomy":"product_cat","embeddable":true,"href":"https:\/\/tallerorfebreria.com\/index.php\/wp-json\/wp\/v2\/product_cat?post=4971"},{"taxonomy":"product_tag","embeddable":true,"href":"https:\/\/tallerorfebreria.com\/index.php\/wp-json\/wp\/v2\/product_tag?post=4971"}],"curies":[{"name":"wp","href":"https:\/\/api.w.org\/{rel}","templated":true}]}}