{"id":5713,"date":"2021-02-04T11:36:15","date_gmt":"2021-02-04T10:36:15","guid":{"rendered":"https:\/\/tallerorfebreria.com\/?post_type=product&#038;p=5713"},"modified":"2021-02-04T11:56:30","modified_gmt":"2021-02-04T10:56:30","slug":"charm-capitan","status":"publish","type":"product","link":"https:\/\/tallerorfebreria.com\/index.php\/product\/charm-capitan\/","title":{"rendered":"Charm Capit\u00e1n"},"content":{"rendered":"","protected":false},"excerpt":{"rendered":"<p data-sanitized-data-mce-fragment=\"1\">Charm inspirado en el sombrero del Capit\u00e1n Veneno.<\/p>\n<p data-sanitized-data-mce-fragment=\"1\">Est\u00e1 realizado en plata de Ley de 925 mil\u00e9simas. Es compatible con pulseras tipo Pandora.<\/p>\n<p data-sanitized-data-mce-fragment=\"1\">Fabricado artesanalmente en nuestro taller.<\/p>\n<p data-sanitized-data-mce-fragment=\"1\">El tama\u00f1o es 16mm x 16mm.<\/p>\n","protected":false},"featured_media":5714,"comment_status":"open","ping_status":"closed","template":"","meta":[],"product_cat":[78,67],"product_tag":[],"yoast_head":"<!-- This site is optimized with the Yoast SEO plugin v20.11 - https:\/\/yoast.com\/wordpress\/plugins\/seo\/ -->\n<title>Charm Capit\u00e1n - Sevicor<\/title>\n<meta name=\"robots\" content=\"index, follow, max-snippet:-1, max-image-preview:large, max-video-preview:-1\" \/>\n<link rel=\"canonical\" href=\"https:\/\/tallerorfebreria.com\/index.php\/product\/charm-capitan\/\" \/>\n<meta property=\"og:locale\" content=\"es_ES\" \/>\n<meta property=\"og:type\" content=\"article\" \/>\n<meta property=\"og:title\" content=\"Charm Capit\u00e1n - Sevicor\" \/>\n<meta property=\"og:description\" content=\"Charm inspirado en el sombrero del Capit\u00e1n Veneno. Est\u00e1 realizado en plata de Ley de 925 mil\u00e9simas. Es compatible con pulseras tipo Pandora. Fabricado artesanalmente en nuestro taller. El tama\u00f1o es 16mm x 16mm.\" \/>\n<meta property=\"og:url\" content=\"https:\/\/tallerorfebreria.com\/index.php\/product\/charm-capitan\/\" \/>\n<meta property=\"og:site_name\" content=\"Sevicor\" \/>\n<meta property=\"article:modified_time\" content=\"2021-02-04T10:56:30+00:00\" \/>\n<meta property=\"og:image\" content=\"https:\/\/tallerorfebreria.com\/wp-content\/uploads\/2021\/02\/028-charm-capitan-scaled.jpg\" \/>\n\t<meta property=\"og:image:width\" content=\"2555\" \/>\n\t<meta property=\"og:image:height\" content=\"2560\" \/>\n\t<meta property=\"og:image:type\" content=\"image\/jpeg\" \/>\n<meta name=\"twitter:card\" content=\"summary_large_image\" \/>\n<script type=\"application\/ld+json\" class=\"yoast-schema-graph\">{\"@context\":\"https:\/\/schema.org\",\"@graph\":[{\"@type\":\"WebPage\",\"@id\":\"https:\/\/tallerorfebreria.com\/index.php\/product\/charm-capitan\/\",\"url\":\"https:\/\/tallerorfebreria.com\/index.php\/product\/charm-capitan\/\",\"name\":\"Charm Capit\u00e1n - Sevicor\",\"isPartOf\":{\"@id\":\"https:\/\/tallerorfebreria.com\/#website\"},\"datePublished\":\"2021-02-04T10:36:15+00:00\",\"dateModified\":\"2021-02-04T10:56:30+00:00\",\"breadcrumb\":{\"@id\":\"https:\/\/tallerorfebreria.com\/index.php\/product\/charm-capitan\/#breadcrumb\"},\"inLanguage\":\"es\",\"potentialAction\":[{\"@type\":\"ReadAction\",\"target\":[\"https:\/\/tallerorfebreria.com\/index.php\/product\/charm-capitan\/\"]}]},{\"@type\":\"BreadcrumbList\",\"@id\":\"https:\/\/tallerorfebreria.com\/index.php\/product\/charm-capitan\/#breadcrumb\",\"itemListElement\":[{\"@type\":\"ListItem\",\"position\":1,\"name\":\"Home\",\"item\":\"https:\/\/tallerorfebreria.com\/\"},{\"@type\":\"ListItem\",\"position\":2,\"name\":\"Tienda\",\"item\":\"https:\/\/tallerorfebreria.com\/index.php\/tienda\/\"},{\"@type\":\"ListItem\",\"position\":3,\"name\":\"Charm Capit\u00e1n\"}]},{\"@type\":\"WebSite\",\"@id\":\"https:\/\/tallerorfebreria.com\/#website\",\"url\":\"https:\/\/tallerorfebreria.com\/\",\"name\":\"Sevicor\",\"description\":\"Taller de Orfebrer\u00eda\",\"potentialAction\":[{\"@type\":\"SearchAction\",\"target\":{\"@type\":\"EntryPoint\",\"urlTemplate\":\"https:\/\/tallerorfebreria.com\/?s={search_term_string}\"},\"query-input\":\"required name=search_term_string\"}],\"inLanguage\":\"es\"}]}<\/script>\n<!-- \/ Yoast SEO plugin. -->","yoast_head_json":{"title":"Charm Capit\u00e1n - Sevicor","robots":{"index":"index","follow":"follow","max-snippet":"max-snippet:-1","max-image-preview":"max-image-preview:large","max-video-preview":"max-video-preview:-1"},"canonical":"https:\/\/tallerorfebreria.com\/index.php\/product\/charm-capitan\/","og_locale":"es_ES","og_type":"article","og_title":"Charm Capit\u00e1n - Sevicor","og_description":"Charm inspirado en el sombrero del Capit\u00e1n Veneno. Est\u00e1 realizado en plata de Ley de 925 mil\u00e9simas. Es compatible con pulseras tipo Pandora. Fabricado artesanalmente en nuestro taller. El tama\u00f1o es 16mm x 16mm.","og_url":"https:\/\/tallerorfebreria.com\/index.php\/product\/charm-capitan\/","og_site_name":"Sevicor","article_modified_time":"2021-02-04T10:56:30+00:00","og_image":[{"width":2555,"height":2560,"url":"https:\/\/tallerorfebreria.com\/wp-content\/uploads\/2021\/02\/028-charm-capitan-scaled.jpg","type":"image\/jpeg"}],"twitter_card":"summary_large_image","schema":{"@context":"https:\/\/schema.org","@graph":[{"@type":"WebPage","@id":"https:\/\/tallerorfebreria.com\/index.php\/product\/charm-capitan\/","url":"https:\/\/tallerorfebreria.com\/index.php\/product\/charm-capitan\/","name":"Charm Capit\u00e1n - Sevicor","isPartOf":{"@id":"https:\/\/tallerorfebreria.com\/#website"},"datePublished":"2021-02-04T10:36:15+00:00","dateModified":"2021-02-04T10:56:30+00:00","breadcrumb":{"@id":"https:\/\/tallerorfebreria.com\/index.php\/product\/charm-capitan\/#breadcrumb"},"inLanguage":"es","potentialAction":[{"@type":"ReadAction","target":["https:\/\/tallerorfebreria.com\/index.php\/product\/charm-capitan\/"]}]},{"@type":"BreadcrumbList","@id":"https:\/\/tallerorfebreria.com\/index.php\/product\/charm-capitan\/#breadcrumb","itemListElement":[{"@type":"ListItem","position":1,"name":"Home","item":"https:\/\/tallerorfebreria.com\/"},{"@type":"ListItem","position":2,"name":"Tienda","item":"https:\/\/tallerorfebreria.com\/index.php\/tienda\/"},{"@type":"ListItem","position":3,"name":"Charm Capit\u00e1n"}]},{"@type":"WebSite","@id":"https:\/\/tallerorfebreria.com\/#website","url":"https:\/\/tallerorfebreria.com\/","name":"Sevicor","description":"Taller de Orfebrer\u00eda","potentialAction":[{"@type":"SearchAction","target":{"@type":"EntryPoint","urlTemplate":"https:\/\/tallerorfebreria.com\/?s={search_term_string}"},"query-input":"required name=search_term_string"}],"inLanguage":"es"}]}},"amp_enabled":true,"_links":{"self":[{"href":"https:\/\/tallerorfebreria.com\/index.php\/wp-json\/wp\/v2\/product\/5713"}],"collection":[{"href":"https:\/\/tallerorfebreria.com\/index.php\/wp-json\/wp\/v2\/product"}],"about":[{"href":"https:\/\/tallerorfebreria.com\/index.php\/wp-json\/wp\/v2\/types\/product"}],"replies":[{"embeddable":true,"href":"https:\/\/tallerorfebreria.com\/index.php\/wp-json\/wp\/v2\/comments?post=5713"}],"wp:featuredmedia":[{"embeddable":true,"href":"https:\/\/tallerorfebreria.com\/index.php\/wp-json\/wp\/v2\/media\/5714"}],"wp:attachment":[{"href":"https:\/\/tallerorfebreria.com\/index.php\/wp-json\/wp\/v2\/media?parent=5713"}],"wp:term":[{"taxonomy":"product_cat","embeddable":true,"href":"https:\/\/tallerorfebreria.com\/index.php\/wp-json\/wp\/v2\/product_cat?post=5713"},{"taxonomy":"product_tag","embeddable":true,"href":"https:\/\/tallerorfebreria.com\/index.php\/wp-json\/wp\/v2\/product_tag?post=5713"}],"curies":[{"name":"wp","href":"https:\/\/api.w.org\/{rel}","templated":true}]}}