{"id":5740,"date":"2021-03-08T13:34:43","date_gmt":"2021-03-08T12:34:43","guid":{"rendered":"https:\/\/tallerorfebreria.com\/?post_type=product&#038;p=5740"},"modified":"2025-05-30T17:17:18","modified_gmt":"2025-05-30T15:17:18","slug":"llamador-esperanza-de-triana","status":"publish","type":"product","link":"https:\/\/tallerorfebreria.com\/index.php\/product\/llamador-esperanza-de-triana\/","title":{"rendered":"Llamador Esperanza de Triana"},"content":{"rendered":"","protected":false},"excerpt":{"rendered":"<p>R\u00e9plica en miniatura del llamador del paso de palio de la Esperanza de Triana. Est\u00e1 realizado en metal plateado y est\u00e1 montado sobre una peana de madera.<\/p>\n<p>El tama\u00f1o es 14cm de acho y\u00a0 12 cm de alto.<\/p>\n","protected":false},"featured_media":6135,"comment_status":"open","ping_status":"closed","template":"","meta":[],"product_cat":[70],"product_tag":[],"yoast_head":"<!-- This site is optimized with the Yoast SEO plugin v20.11 - https:\/\/yoast.com\/wordpress\/plugins\/seo\/ -->\n<title>Llamador Esperanza de Triana - Sevicor<\/title>\n<meta name=\"robots\" content=\"index, follow, max-snippet:-1, max-image-preview:large, max-video-preview:-1\" \/>\n<link rel=\"canonical\" href=\"https:\/\/tallerorfebreria.com\/index.php\/product\/llamador-esperanza-de-triana\/\" \/>\n<meta property=\"og:locale\" content=\"es_ES\" \/>\n<meta property=\"og:type\" content=\"article\" \/>\n<meta property=\"og:title\" content=\"Llamador Esperanza de Triana - Sevicor\" \/>\n<meta property=\"og:description\" content=\"R\u00e9plica en miniatura del llamador del paso de palio de la Esperanza de Triana. Est\u00e1 realizado en metal plateado y est\u00e1 montado sobre una peana de madera.  El tama\u00f1o es 14cm de acho y\u00a0 12 cm de alto.\" \/>\n<meta property=\"og:url\" content=\"https:\/\/tallerorfebreria.com\/index.php\/product\/llamador-esperanza-de-triana\/\" \/>\n<meta property=\"og:site_name\" content=\"Sevicor\" \/>\n<meta property=\"article:modified_time\" content=\"2025-05-30T15:17:18+00:00\" \/>\n<meta property=\"og:image\" content=\"https:\/\/tallerorfebreria.com\/wp-content\/uploads\/2021\/03\/llamador-esperanza-triana-grande-03-.jpg\" \/>\n\t<meta property=\"og:image:width\" content=\"800\" \/>\n\t<meta property=\"og:image:height\" content=\"800\" \/>\n\t<meta property=\"og:image:type\" content=\"image\/jpeg\" \/>\n<meta name=\"twitter:card\" content=\"summary_large_image\" \/>\n<script type=\"application\/ld+json\" class=\"yoast-schema-graph\">{\"@context\":\"https:\/\/schema.org\",\"@graph\":[{\"@type\":\"WebPage\",\"@id\":\"https:\/\/tallerorfebreria.com\/index.php\/product\/llamador-esperanza-de-triana\/\",\"url\":\"https:\/\/tallerorfebreria.com\/index.php\/product\/llamador-esperanza-de-triana\/\",\"name\":\"Llamador Esperanza de Triana - Sevicor\",\"isPartOf\":{\"@id\":\"https:\/\/tallerorfebreria.com\/#website\"},\"datePublished\":\"2021-03-08T12:34:43+00:00\",\"dateModified\":\"2025-05-30T15:17:18+00:00\",\"breadcrumb\":{\"@id\":\"https:\/\/tallerorfebreria.com\/index.php\/product\/llamador-esperanza-de-triana\/#breadcrumb\"},\"inLanguage\":\"es\",\"potentialAction\":[{\"@type\":\"ReadAction\",\"target\":[\"https:\/\/tallerorfebreria.com\/index.php\/product\/llamador-esperanza-de-triana\/\"]}]},{\"@type\":\"BreadcrumbList\",\"@id\":\"https:\/\/tallerorfebreria.com\/index.php\/product\/llamador-esperanza-de-triana\/#breadcrumb\",\"itemListElement\":[{\"@type\":\"ListItem\",\"position\":1,\"name\":\"Home\",\"item\":\"https:\/\/tallerorfebreria.com\/\"},{\"@type\":\"ListItem\",\"position\":2,\"name\":\"Tienda\",\"item\":\"https:\/\/tallerorfebreria.com\/index.php\/tienda\/\"},{\"@type\":\"ListItem\",\"position\":3,\"name\":\"Llamador Esperanza de Triana\"}]},{\"@type\":\"WebSite\",\"@id\":\"https:\/\/tallerorfebreria.com\/#website\",\"url\":\"https:\/\/tallerorfebreria.com\/\",\"name\":\"Sevicor\",\"description\":\"Taller de Orfebrer\u00eda\",\"potentialAction\":[{\"@type\":\"SearchAction\",\"target\":{\"@type\":\"EntryPoint\",\"urlTemplate\":\"https:\/\/tallerorfebreria.com\/?s={search_term_string}\"},\"query-input\":\"required name=search_term_string\"}],\"inLanguage\":\"es\"}]}<\/script>\n<!-- \/ Yoast SEO plugin. -->","yoast_head_json":{"title":"Llamador Esperanza de Triana - Sevicor","robots":{"index":"index","follow":"follow","max-snippet":"max-snippet:-1","max-image-preview":"max-image-preview:large","max-video-preview":"max-video-preview:-1"},"canonical":"https:\/\/tallerorfebreria.com\/index.php\/product\/llamador-esperanza-de-triana\/","og_locale":"es_ES","og_type":"article","og_title":"Llamador Esperanza de Triana - Sevicor","og_description":"R\u00e9plica en miniatura del llamador del paso de palio de la Esperanza de Triana. Est\u00e1 realizado en metal plateado y est\u00e1 montado sobre una peana de madera.  El tama\u00f1o es 14cm de acho y\u00a0 12 cm de alto.","og_url":"https:\/\/tallerorfebreria.com\/index.php\/product\/llamador-esperanza-de-triana\/","og_site_name":"Sevicor","article_modified_time":"2025-05-30T15:17:18+00:00","og_image":[{"width":800,"height":800,"url":"https:\/\/tallerorfebreria.com\/wp-content\/uploads\/2021\/03\/llamador-esperanza-triana-grande-03-.jpg","type":"image\/jpeg"}],"twitter_card":"summary_large_image","schema":{"@context":"https:\/\/schema.org","@graph":[{"@type":"WebPage","@id":"https:\/\/tallerorfebreria.com\/index.php\/product\/llamador-esperanza-de-triana\/","url":"https:\/\/tallerorfebreria.com\/index.php\/product\/llamador-esperanza-de-triana\/","name":"Llamador Esperanza de Triana - Sevicor","isPartOf":{"@id":"https:\/\/tallerorfebreria.com\/#website"},"datePublished":"2021-03-08T12:34:43+00:00","dateModified":"2025-05-30T15:17:18+00:00","breadcrumb":{"@id":"https:\/\/tallerorfebreria.com\/index.php\/product\/llamador-esperanza-de-triana\/#breadcrumb"},"inLanguage":"es","potentialAction":[{"@type":"ReadAction","target":["https:\/\/tallerorfebreria.com\/index.php\/product\/llamador-esperanza-de-triana\/"]}]},{"@type":"BreadcrumbList","@id":"https:\/\/tallerorfebreria.com\/index.php\/product\/llamador-esperanza-de-triana\/#breadcrumb","itemListElement":[{"@type":"ListItem","position":1,"name":"Home","item":"https:\/\/tallerorfebreria.com\/"},{"@type":"ListItem","position":2,"name":"Tienda","item":"https:\/\/tallerorfebreria.com\/index.php\/tienda\/"},{"@type":"ListItem","position":3,"name":"Llamador Esperanza de Triana"}]},{"@type":"WebSite","@id":"https:\/\/tallerorfebreria.com\/#website","url":"https:\/\/tallerorfebreria.com\/","name":"Sevicor","description":"Taller de Orfebrer\u00eda","potentialAction":[{"@type":"SearchAction","target":{"@type":"EntryPoint","urlTemplate":"https:\/\/tallerorfebreria.com\/?s={search_term_string}"},"query-input":"required name=search_term_string"}],"inLanguage":"es"}]}},"amp_enabled":true,"_links":{"self":[{"href":"https:\/\/tallerorfebreria.com\/index.php\/wp-json\/wp\/v2\/product\/5740"}],"collection":[{"href":"https:\/\/tallerorfebreria.com\/index.php\/wp-json\/wp\/v2\/product"}],"about":[{"href":"https:\/\/tallerorfebreria.com\/index.php\/wp-json\/wp\/v2\/types\/product"}],"replies":[{"embeddable":true,"href":"https:\/\/tallerorfebreria.com\/index.php\/wp-json\/wp\/v2\/comments?post=5740"}],"wp:featuredmedia":[{"embeddable":true,"href":"https:\/\/tallerorfebreria.com\/index.php\/wp-json\/wp\/v2\/media\/6135"}],"wp:attachment":[{"href":"https:\/\/tallerorfebreria.com\/index.php\/wp-json\/wp\/v2\/media?parent=5740"}],"wp:term":[{"taxonomy":"product_cat","embeddable":true,"href":"https:\/\/tallerorfebreria.com\/index.php\/wp-json\/wp\/v2\/product_cat?post=5740"},{"taxonomy":"product_tag","embeddable":true,"href":"https:\/\/tallerorfebreria.com\/index.php\/wp-json\/wp\/v2\/product_tag?post=5740"}],"curies":[{"name":"wp","href":"https:\/\/api.w.org\/{rel}","templated":true}]}}