{"id":6809,"date":"2025-02-21T14:01:59","date_gmt":"2025-02-21T13:01:59","guid":{"rendered":"https:\/\/tallerorfebreria.com\/?post_type=product&#038;p=6809"},"modified":"2026-02-26T12:05:06","modified_gmt":"2026-02-26T11:05:06","slug":"pin-portada-feria-sevilla-2025","status":"publish","type":"product","link":"https:\/\/tallerorfebreria.com\/index.php\/product\/pin-portada-feria-sevilla-2025\/","title":{"rendered":"Pin Portada Feria Sevilla 2025"},"content":{"rendered":"","protected":false},"excerpt":{"rendered":"<div id=\"short_description_block\">\n<div id=\"short_description_content\" class=\"rte align_justify\">\n<p style=\"text-align: justify;\">Pin para solapa con la portada de la feria de Sevilla 2025, realizado en plata de ley.<\/p>\n<p>La portada de la Feria de este a\u00f1o se inspira en en el Pabell\u00f3n de Chile de la exposici\u00f3n de 1929, actualmente Escuela de Arte de Sevilla.<\/p>\n<p style=\"text-align: justify;\">Est\u00e1 realizada a mano y presentan un acabado de gran calidad. El tama\u00f1o es 23mm de ancho por 16mm de alto.<\/p>\n<p style=\"text-align: justify;\">Tambi\u00e9n se puede hacer en alfiler para se\u00f1ora 16.90\u20ac<\/p>\n<\/div>\n<\/div>\n","protected":false},"featured_media":6814,"comment_status":"open","ping_status":"closed","template":"","meta":[],"product_cat":[74],"product_tag":[],"yoast_head":"<!-- This site is optimized with the Yoast SEO plugin v20.11 - https:\/\/yoast.com\/wordpress\/plugins\/seo\/ -->\n<title>Pin Portada Feria Sevilla 2025 - Sevicor<\/title>\n<meta name=\"robots\" content=\"index, follow, max-snippet:-1, max-image-preview:large, max-video-preview:-1\" \/>\n<link rel=\"canonical\" href=\"https:\/\/tallerorfebreria.com\/index.php\/product\/pin-portada-feria-sevilla-2025\/\" \/>\n<meta property=\"og:locale\" content=\"es_ES\" \/>\n<meta property=\"og:type\" content=\"article\" \/>\n<meta property=\"og:title\" content=\"Pin Portada Feria Sevilla 2025 - Sevicor\" \/>\n<meta property=\"og:description\" content=\"Pin para solapa con la portada de la feria de Sevilla 2025, realizado en plata de ley. La portada de la Feria de este a\u00f1o se inspira en en el Pabell\u00f3n de Chile de la exposici\u00f3n de 1929, actualmente Escuela de Arte de Sevilla. Est\u00e1 realizada a mano y presentan un acabado de gran calidad. El tama\u00f1o es 23mm de ancho por 16mm de alto. Tambi\u00e9n se puede hacer en alfiler para se\u00f1ora 16.90\u20ac\" \/>\n<meta property=\"og:url\" content=\"https:\/\/tallerorfebreria.com\/index.php\/product\/pin-portada-feria-sevilla-2025\/\" \/>\n<meta property=\"og:site_name\" content=\"Sevicor\" \/>\n<meta property=\"article:modified_time\" content=\"2026-02-26T11:05:06+00:00\" \/>\n<meta property=\"og:image\" content=\"https:\/\/tallerorfebreria.com\/wp-content\/uploads\/2025\/02\/pin-feria-2025-01.jpg\" \/>\n\t<meta property=\"og:image:width\" content=\"800\" \/>\n\t<meta property=\"og:image:height\" content=\"800\" \/>\n\t<meta property=\"og:image:type\" content=\"image\/jpeg\" \/>\n<meta name=\"twitter:card\" content=\"summary_large_image\" \/>\n<script type=\"application\/ld+json\" class=\"yoast-schema-graph\">{\"@context\":\"https:\/\/schema.org\",\"@graph\":[{\"@type\":\"WebPage\",\"@id\":\"https:\/\/tallerorfebreria.com\/index.php\/product\/pin-portada-feria-sevilla-2025\/\",\"url\":\"https:\/\/tallerorfebreria.com\/index.php\/product\/pin-portada-feria-sevilla-2025\/\",\"name\":\"Pin Portada Feria Sevilla 2025 - Sevicor\",\"isPartOf\":{\"@id\":\"https:\/\/tallerorfebreria.com\/#website\"},\"datePublished\":\"2025-02-21T13:01:59+00:00\",\"dateModified\":\"2026-02-26T11:05:06+00:00\",\"breadcrumb\":{\"@id\":\"https:\/\/tallerorfebreria.com\/index.php\/product\/pin-portada-feria-sevilla-2025\/#breadcrumb\"},\"inLanguage\":\"es\",\"potentialAction\":[{\"@type\":\"ReadAction\",\"target\":[\"https:\/\/tallerorfebreria.com\/index.php\/product\/pin-portada-feria-sevilla-2025\/\"]}]},{\"@type\":\"BreadcrumbList\",\"@id\":\"https:\/\/tallerorfebreria.com\/index.php\/product\/pin-portada-feria-sevilla-2025\/#breadcrumb\",\"itemListElement\":[{\"@type\":\"ListItem\",\"position\":1,\"name\":\"Home\",\"item\":\"https:\/\/tallerorfebreria.com\/\"},{\"@type\":\"ListItem\",\"position\":2,\"name\":\"Tienda\",\"item\":\"https:\/\/tallerorfebreria.com\/index.php\/tienda\/\"},{\"@type\":\"ListItem\",\"position\":3,\"name\":\"Pin Portada Feria Sevilla 2025\"}]},{\"@type\":\"WebSite\",\"@id\":\"https:\/\/tallerorfebreria.com\/#website\",\"url\":\"https:\/\/tallerorfebreria.com\/\",\"name\":\"Sevicor\",\"description\":\"Taller de Orfebrer\u00eda\",\"potentialAction\":[{\"@type\":\"SearchAction\",\"target\":{\"@type\":\"EntryPoint\",\"urlTemplate\":\"https:\/\/tallerorfebreria.com\/?s={search_term_string}\"},\"query-input\":\"required name=search_term_string\"}],\"inLanguage\":\"es\"}]}<\/script>\n<!-- \/ Yoast SEO plugin. -->","yoast_head_json":{"title":"Pin Portada Feria Sevilla 2025 - Sevicor","robots":{"index":"index","follow":"follow","max-snippet":"max-snippet:-1","max-image-preview":"max-image-preview:large","max-video-preview":"max-video-preview:-1"},"canonical":"https:\/\/tallerorfebreria.com\/index.php\/product\/pin-portada-feria-sevilla-2025\/","og_locale":"es_ES","og_type":"article","og_title":"Pin Portada Feria Sevilla 2025 - Sevicor","og_description":"Pin para solapa con la portada de la feria de Sevilla 2025, realizado en plata de ley. La portada de la Feria de este a\u00f1o se inspira en en el Pabell\u00f3n de Chile de la exposici\u00f3n de 1929, actualmente Escuela de Arte de Sevilla. Est\u00e1 realizada a mano y presentan un acabado de gran calidad. El tama\u00f1o es 23mm de ancho por 16mm de alto. Tambi\u00e9n se puede hacer en alfiler para se\u00f1ora 16.90\u20ac","og_url":"https:\/\/tallerorfebreria.com\/index.php\/product\/pin-portada-feria-sevilla-2025\/","og_site_name":"Sevicor","article_modified_time":"2026-02-26T11:05:06+00:00","og_image":[{"width":800,"height":800,"url":"https:\/\/tallerorfebreria.com\/wp-content\/uploads\/2025\/02\/pin-feria-2025-01.jpg","type":"image\/jpeg"}],"twitter_card":"summary_large_image","schema":{"@context":"https:\/\/schema.org","@graph":[{"@type":"WebPage","@id":"https:\/\/tallerorfebreria.com\/index.php\/product\/pin-portada-feria-sevilla-2025\/","url":"https:\/\/tallerorfebreria.com\/index.php\/product\/pin-portada-feria-sevilla-2025\/","name":"Pin Portada Feria Sevilla 2025 - Sevicor","isPartOf":{"@id":"https:\/\/tallerorfebreria.com\/#website"},"datePublished":"2025-02-21T13:01:59+00:00","dateModified":"2026-02-26T11:05:06+00:00","breadcrumb":{"@id":"https:\/\/tallerorfebreria.com\/index.php\/product\/pin-portada-feria-sevilla-2025\/#breadcrumb"},"inLanguage":"es","potentialAction":[{"@type":"ReadAction","target":["https:\/\/tallerorfebreria.com\/index.php\/product\/pin-portada-feria-sevilla-2025\/"]}]},{"@type":"BreadcrumbList","@id":"https:\/\/tallerorfebreria.com\/index.php\/product\/pin-portada-feria-sevilla-2025\/#breadcrumb","itemListElement":[{"@type":"ListItem","position":1,"name":"Home","item":"https:\/\/tallerorfebreria.com\/"},{"@type":"ListItem","position":2,"name":"Tienda","item":"https:\/\/tallerorfebreria.com\/index.php\/tienda\/"},{"@type":"ListItem","position":3,"name":"Pin Portada Feria Sevilla 2025"}]},{"@type":"WebSite","@id":"https:\/\/tallerorfebreria.com\/#website","url":"https:\/\/tallerorfebreria.com\/","name":"Sevicor","description":"Taller de Orfebrer\u00eda","potentialAction":[{"@type":"SearchAction","target":{"@type":"EntryPoint","urlTemplate":"https:\/\/tallerorfebreria.com\/?s={search_term_string}"},"query-input":"required name=search_term_string"}],"inLanguage":"es"}]}},"amp_enabled":true,"_links":{"self":[{"href":"https:\/\/tallerorfebreria.com\/index.php\/wp-json\/wp\/v2\/product\/6809"}],"collection":[{"href":"https:\/\/tallerorfebreria.com\/index.php\/wp-json\/wp\/v2\/product"}],"about":[{"href":"https:\/\/tallerorfebreria.com\/index.php\/wp-json\/wp\/v2\/types\/product"}],"replies":[{"embeddable":true,"href":"https:\/\/tallerorfebreria.com\/index.php\/wp-json\/wp\/v2\/comments?post=6809"}],"wp:featuredmedia":[{"embeddable":true,"href":"https:\/\/tallerorfebreria.com\/index.php\/wp-json\/wp\/v2\/media\/6814"}],"wp:attachment":[{"href":"https:\/\/tallerorfebreria.com\/index.php\/wp-json\/wp\/v2\/media?parent=6809"}],"wp:term":[{"taxonomy":"product_cat","embeddable":true,"href":"https:\/\/tallerorfebreria.com\/index.php\/wp-json\/wp\/v2\/product_cat?post=6809"},{"taxonomy":"product_tag","embeddable":true,"href":"https:\/\/tallerorfebreria.com\/index.php\/wp-json\/wp\/v2\/product_tag?post=6809"}],"curies":[{"name":"wp","href":"https:\/\/api.w.org\/{rel}","templated":true}]}}